{"id":4258,"date":"2025-12-16T17:02:13","date_gmt":"2025-12-16T15:02:13","guid":{"rendered":"https:\/\/www.kihateam.fi\/laneandelsberakning\/"},"modified":"2025-12-16T17:04:38","modified_gmt":"2025-12-16T15:04:38","slug":"laneandelsberakning","status":"publish","type":"page","link":"https:\/\/www.kihateam.fi\/sv\/laneandelsberakning\/","title":{"rendered":"L\u00e5neandelsber\u00e4kning"},"content":{"rendered":"\t\t<div data-elementor-type=\"wp-page\" data-elementor-id=\"4258\" class=\"elementor elementor-4258 elementor-4253\">\n\t\t\t\t\t\t<section class=\"elementor-section elementor-top-section elementor-element elementor-element-e28c7ea elementor-section-boxed elementor-section-height-default elementor-section-height-default\" data-id=\"e28c7ea\" data-element_type=\"section\" data-e-type=\"section\">\n\t\t\t\t\t\t<div class=\"elementor-container elementor-column-gap-default\">\n\t\t\t\t\t<div class=\"elementor-column elementor-col-100 elementor-top-column elementor-element elementor-element-7c918c7\" data-id=\"7c918c7\" data-element_type=\"column\" data-e-type=\"column\">\n\t\t\t<div class=\"elementor-widget-wrap elementor-element-populated\">\n\t\t\t\t\t\t<div class=\"elementor-element elementor-element-87f01de elementor-widget elementor-widget-heading\" data-id=\"87f01de\" data-element_type=\"widget\" data-e-type=\"widget\" data-widget_type=\"heading.default\">\n\t\t\t\t<div class=\"elementor-widget-container\">\n\t\t\t\t\t<h2 class=\"elementor-heading-title elementor-size-default\"><br>Best\u00e4ll l\u00e5neandelsber\u00e4kning<br><\/h2>\t\t\t\t<\/div>\n\t\t\t\t<\/div>\n\t\t\t\t\t<\/div>\n\t\t<\/div>\n\t\t\t\t\t<\/div>\n\t\t<\/section>\n\t\t\t\t<section class=\"elementor-section elementor-top-section elementor-element elementor-element-764a8b3 elementor-section-boxed elementor-section-height-default elementor-section-height-default\" data-id=\"764a8b3\" data-element_type=\"section\" data-e-type=\"section\" data-settings=\"{&quot;background_background&quot;:&quot;classic&quot;}\">\n\t\t\t\t\t\t\t<div class=\"elementor-background-overlay\"><\/div>\n\t\t\t\t\t\t\t<div class=\"elementor-container elementor-column-gap-default\">\n\t\t\t\t\t<div class=\"elementor-column elementor-col-100 elementor-top-column elementor-element elementor-element-df65a6c\" data-id=\"df65a6c\" data-element_type=\"column\" data-e-type=\"column\" data-settings=\"{&quot;background_background&quot;:&quot;classic&quot;}\">\n\t\t\t<div class=\"elementor-widget-wrap elementor-element-populated\">\n\t\t\t\t\t\t<div class=\"elementor-element elementor-element-dcf6185 elementor-widget elementor-widget-htmega-contactform-addons\" data-id=\"dcf6185\" data-element_type=\"widget\" data-e-type=\"widget\" data-widget_type=\"htmega-contactform-addons.default\">\n\t\t\t\t<div class=\"elementor-widget-container\">\n\t\t\t\t\t            <div class=\"htmega-form-wrapper siddcf6185 htmega-form-style-4\" >\n                \n<div class=\"wpcf7 no-js\" id=\"wpcf7-f4262-o1\" lang=\"sv-SE\" dir=\"ltr\" data-wpcf7-id=\"4262\">\n<div class=\"screen-reader-response\"><p role=\"status\" aria-live=\"polite\" aria-atomic=\"true\"><\/p> <ul><\/ul><\/div>\n<form action=\"\/sv\/wp-json\/wp\/v2\/pages\/4258#wpcf7-f4262-o1\" method=\"post\" class=\"wpcf7-form init\" aria-label=\"Kontaktformul\u00e4r\" enctype=\"multipart\/form-data\" novalidate=\"novalidate\" data-status=\"init\">\n<fieldset class=\"hidden-fields-container\"><input type=\"hidden\" name=\"_wpcf7\" value=\"4262\" \/><input type=\"hidden\" name=\"_wpcf7_version\" value=\"6.1.5\" \/><input type=\"hidden\" name=\"_wpcf7_locale\" value=\"sv_SE\" \/><input type=\"hidden\" name=\"_wpcf7_unit_tag\" value=\"wpcf7-f4262-o1\" \/><input type=\"hidden\" name=\"_wpcf7_container_post\" value=\"0\" \/><input type=\"hidden\" name=\"_wpcf7_posted_data_hash\" value=\"\" \/>\n<\/fieldset>\n<p><label>Du kan best\u00e4lla l\u00e5neandelsber\u00e4kningen genom att anv\u00e4nda formul\u00e4ret nedan. I l\u00e5neandelsber\u00e4kningen anges betalningens belopp ber\u00e4knat f\u00f6r den tidpunkt d\u00e5 l\u00e5neandelen ska betalas. F\u00f6rsenade betalningar tas inte emot.<br \/>\nOm du beh\u00f6ver l\u00e5neandelsber\u00e4kningen f\u00f6r n\u00e5got annat \u00e4ndam\u00e5l \u00e4n att betala l\u00e5neandelen, v\u00e4nligen meddela detta i samband med best\u00e4llningen.<br \/>\n<\/label>\n<\/p>\n<p>Leveranstiden f\u00f6r ber\u00e4kningen \u00e4r h\u00f6gst en vecka, vanligtvis 2\u20134 arbetsdagar. Om du beh\u00f6ver intyget snabbare erbjuder vi br\u00e5dskande leverans (n\u00e4stkommande arbetsdag) mot en till\u00e4ggsavgift p\u00e5 30 \u20ac.\n<\/p>\n<p>Du kan v\u00e4lja leveranss\u00e4tt i formul\u00e4ret.\n<\/p>\n<p><span class=\"wpcf7-form-control-wrap\" data-name=\"name1\"><input size=\"40\" maxlength=\"400\" class=\"wpcf7-form-control wpcf7-text wpcf7-validates-as-required\" aria-required=\"true\" aria-invalid=\"false\" placeholder=\"Best\u00e4llarens namn\" value=\"\" type=\"text\" name=\"name1\" \/><\/span><br \/>\n<span class=\"wpcf7-form-control-wrap\" data-name=\"phone1\"><input size=\"40\" maxlength=\"400\" class=\"wpcf7-form-control wpcf7-text wpcf7-validates-as-required\" aria-required=\"true\" aria-invalid=\"false\" placeholder=\"Best\u00e4llarens telefon\" value=\"\" type=\"text\" name=\"phone1\" \/><\/span><br \/>\n<span class=\"wpcf7-form-control-wrap\" data-name=\"email1\"><input size=\"40\" maxlength=\"400\" class=\"wpcf7-form-control wpcf7-text wpcf7-validates-as-required\" aria-required=\"true\" aria-invalid=\"false\" placeholder=\"Best\u00e4llarens epost\" value=\"\" type=\"text\" name=\"email1\" \/><\/span><br \/>\n<span class=\"wpcf7-form-control-wrap\" data-name=\"address1\"><input size=\"40\" maxlength=\"400\" class=\"wpcf7-form-control wpcf7-text wpcf7-validates-as-required\" aria-required=\"true\" aria-invalid=\"false\" placeholder=\"Leveransaddress\" value=\"\" type=\"text\" name=\"address1\" \/><\/span><br \/>\n<span class=\"wpcf7-form-control-wrap\" data-name=\"postal1\"><input size=\"40\" maxlength=\"400\" class=\"wpcf7-form-control wpcf7-text wpcf7-validates-as-required\" aria-required=\"true\" aria-invalid=\"false\" placeholder=\"Postkod och plats\" value=\"\" type=\"text\" name=\"postal1\" \/><\/span><br \/>\n<span class=\"wpcf7-form-control-wrap\" data-name=\"housename1\"><input size=\"40\" maxlength=\"400\" class=\"wpcf7-form-control wpcf7-text wpcf7-validates-as-required\" aria-required=\"true\" aria-invalid=\"false\" placeholder=\"Husbolagets namn\" value=\"\" type=\"text\" name=\"housename1\" \/><\/span><br \/>\n<span class=\"wpcf7-form-control-wrap\" data-name=\"condo1\"><input size=\"40\" maxlength=\"400\" class=\"wpcf7-form-control wpcf7-text wpcf7-validates-as-required\" aria-required=\"true\" aria-invalid=\"false\" placeholder=\"Bostads nummer\" value=\"\" type=\"text\" name=\"condo1\" \/><\/span><br \/>\n<span class=\"wpcf7-form-control-wrap\" data-name=\"address2\"><input size=\"40\" maxlength=\"400\" class=\"wpcf7-form-control wpcf7-text wpcf7-validates-as-required\" aria-required=\"true\" aria-invalid=\"false\" placeholder=\"Husbolagets address\" value=\"\" type=\"text\" name=\"address2\" \/><\/span>\n<\/p>\n<p>Best\u00e4ller l\u00e5neandelsber\u00e4kningen.<br \/>\nBekr\u00e4fta best\u00e4llning:<span class=\"wpcf7-form-control-wrap\" data-name=\"valitse\"><span class=\"wpcf7-form-control wpcf7-radio\"><span class=\"wpcf7-list-item first last\"><label><input type=\"radio\" name=\"valitse\" value=\"Jag bekr\u00e4ftar best\u00e4llningen till priset 50,20 \u20ac\" checked=\"checked\" \/><span class=\"wpcf7-list-item-label\">Jag bekr\u00e4ftar best\u00e4llningen till priset 50,20 \u20ac<\/span><\/label><\/span><\/span><\/span>\n<\/p>\n<p><label>Vid behov kan du bifoga<br \/>\n- uppdragsavtal eller<br \/>\n- fullmakt<\/label>\n<\/p>\n<p>PDF-format (max 5mt)\n<\/p>\n<p><span class=\"wpcf7-form-control-wrap\" data-name=\"Liite\"><input size=\"40\" class=\"wpcf7-form-control wpcf7-file\" accept=\"image\/*,.txt,application\/pdf\" aria-invalid=\"false\" type=\"file\" name=\"Liite\" \/><\/span>\n<\/p>\n<p><label>Leveranstid:<\/label><br \/>\n<span class=\"wpcf7-form-control-wrap\" data-name=\"valitse2\"><span class=\"wpcf7-form-control wpcf7-radio\"><span class=\"wpcf7-list-item first\"><label><input type=\"radio\" name=\"valitse2\" value=\"Normal leverans (ca 2\u20134 arbetsdagar)\" checked=\"checked\" \/><span class=\"wpcf7-list-item-label\">Normal leverans (ca 2\u20134 arbetsdagar)<\/span><\/label><\/span><span class=\"wpcf7-list-item last\"><label><input type=\"radio\" name=\"valitse2\" value=\"Expressleverans (n\u00e4sta arbetsdag) \u2013 30 \u20ac i till\u00e4ggsavgift\" \/><span class=\"wpcf7-list-item-label\">Expressleverans (n\u00e4sta arbetsdag) \u2013 30 \u20ac i till\u00e4ggsavgift<\/span><\/label><\/span><\/span><\/span>\n<\/p>\n<p><span class=\"wpcf7-form-control-wrap\" data-name=\"moreinfo\"><textarea cols=\"40\" rows=\"10\" maxlength=\"2000\" class=\"wpcf7-form-control wpcf7-textarea\" aria-invalid=\"false\" placeholder=\"Till\u00e4ggsinformation\" name=\"moreinfo\"><\/textarea><\/span>\n<\/p>\n<p><input class=\"wpcf7-form-control wpcf7-submit has-spinner\" type=\"submit\" value=\"Skicka\" \/>\n<\/p><div class=\"wpcf7-response-output\" aria-hidden=\"true\"><\/div>\n<\/form>\n<\/div>\n            <\/div>\n\n\n        \t\t\t\t<\/div>\n\t\t\t\t<\/div>\n\t\t\t\t\t<\/div>\n\t\t<\/div>\n\t\t\t\t\t<\/div>\n\t\t<\/section>\n\t\t\t\t<section class=\"elementor-section elementor-top-section elementor-element elementor-element-3e3baf0 elementor-section-boxed elementor-section-height-default elementor-section-height-default\" data-id=\"3e3baf0\" data-element_type=\"section\" data-e-type=\"section\">\n\t\t\t\t\t\t<div class=\"elementor-container elementor-column-gap-default\">\n\t\t\t\t\t<div class=\"elementor-column elementor-col-100 elementor-top-column elementor-element elementor-element-af0a583\" data-id=\"af0a583\" data-element_type=\"column\" data-e-type=\"column\">\n\t\t\t<div class=\"elementor-widget-wrap elementor-element-populated\">\n\t\t\t\t\t\t<div class=\"elementor-element elementor-element-cda6c07 elementor-widget elementor-widget-html\" data-id=\"cda6c07\" data-element_type=\"widget\" data-e-type=\"widget\" data-widget_type=\"html.default\">\n\t\t\t\t<div class=\"elementor-widget-container\">\n\t\t\t\t\t<script>document.addEventListener( 'wpcf7mailsent', function( event ) {\n    window.location.href = \"\/?form_sent=1\";\n}, false );\n<\/script>\t\t\t\t<\/div>\n\t\t\t\t<\/div>\n\t\t\t\t\t<\/div>\n\t\t<\/div>\n\t\t\t\t\t<\/div>\n\t\t<\/section>\n\t\t\t\t<section class=\"elementor-section elementor-top-section elementor-element elementor-element-4ff591e elementor-section-boxed elementor-section-height-default elementor-section-height-default\" data-id=\"4ff591e\" data-element_type=\"section\" data-e-type=\"section\">\n\t\t\t\t\t\t<div class=\"elementor-container elementor-column-gap-default\">\n\t\t\t\t\t<div class=\"elementor-column elementor-col-100 elementor-top-column elementor-element elementor-element-fb8d749\" data-id=\"fb8d749\" data-element_type=\"column\" data-e-type=\"column\">\n\t\t\t<div class=\"elementor-widget-wrap elementor-element-populated\">\n\t\t\t\t\t\t<div class=\"elementor-element elementor-element-dc5c508 elementor-widget elementor-widget-html\" data-id=\"dc5c508\" data-element_type=\"widget\" data-e-type=\"widget\" data-widget_type=\"html.default\">\n\t\t\t\t<div class=\"elementor-widget-container\">\n\t\t\t\t\t<script>document.addEventListener('wpcf7submit', function(event) {\n  const form = event.target;\n  const button = form.querySelector('input[type=\"submit\"], button[type=\"submit\"]');\n  if (button) {\n    button.disabled = true;\n    button.value = 'L\u00e4hetetty'; \/\/ Vaihda halutuksi\n  }\n}, false);\n<\/script>\t\t\t\t<\/div>\n\t\t\t\t<\/div>\n\t\t\t\t\t<\/div>\n\t\t<\/div>\n\t\t\t\t\t<\/div>\n\t\t<\/section>\n\t\t\t\t<\/div>\n\t\t","protected":false},"excerpt":{"rendered":"<p>Best\u00e4ll l\u00e5neandelsber\u00e4kning Voit tilata lainaosuuslaskelman k\u00e4ytt\u00e4m\u00e4ll\u00e4 alla olevaa lomaketta. Lainaosuuslaskelmassa on ilmoitettu maksun suuruus laskettuna ajankohdalle, jolloin lainaosuus on maksettava. My\u00f6h\u00e4styneit\u00e4 maksuja ei vastaanoteta. Jos tarvitset lainaosuuslaskelman johonkin muuhun tarkoitukseen, kuin lainaosuuden maksamiseen, ilmoitathan siit\u00e4 tilauksen yhteydess\u00e4. Laskelman toimitusaika on enint\u00e4\u00e4n viikko, tavallisesti 2-4 arkip\u00e4iv\u00e4\u00e4. Jos tarvitset todistuksen nopeammin, tarjoamme kiireellisen toimituksen (seuraava arkip\u00e4iv\u00e4) lis\u00e4maksusta [&hellip;]<\/p>\n","protected":false},"author":1,"featured_media":0,"parent":0,"menu_order":0,"comment_status":"closed","ping_status":"closed","template":"elementor_header_footer","meta":{"_themeisle_gutenberg_block_has_review":false,"footnotes":""},"class_list":["post-4258","page","type-page","status-publish","hentry"],"_links":{"self":[{"href":"https:\/\/www.kihateam.fi\/sv\/wp-json\/wp\/v2\/pages\/4258","targetHints":{"allow":["GET"]}}],"collection":[{"href":"https:\/\/www.kihateam.fi\/sv\/wp-json\/wp\/v2\/pages"}],"about":[{"href":"https:\/\/www.kihateam.fi\/sv\/wp-json\/wp\/v2\/types\/page"}],"author":[{"embeddable":true,"href":"https:\/\/www.kihateam.fi\/sv\/wp-json\/wp\/v2\/users\/1"}],"replies":[{"embeddable":true,"href":"https:\/\/www.kihateam.fi\/sv\/wp-json\/wp\/v2\/comments?post=4258"}],"version-history":[{"count":1,"href":"https:\/\/www.kihateam.fi\/sv\/wp-json\/wp\/v2\/pages\/4258\/revisions"}],"predecessor-version":[{"id":4259,"href":"https:\/\/www.kihateam.fi\/sv\/wp-json\/wp\/v2\/pages\/4258\/revisions\/4259"}],"wp:attachment":[{"href":"https:\/\/www.kihateam.fi\/sv\/wp-json\/wp\/v2\/media?parent=4258"}],"curies":[{"name":"wp","href":"https:\/\/api.w.org\/{rel}","templated":true}]}}