{"id":2387,"date":"2022-10-15T08:56:03","date_gmt":"2022-10-15T06:56:03","guid":{"rendered":"https:\/\/www.kihateam.fi\/integritetspolicy\/"},"modified":"2025-03-09T13:01:38","modified_gmt":"2025-03-09T11:01:38","slug":"integritetspolicy","status":"publish","type":"page","link":"https:\/\/www.kihateam.fi\/sv\/integritetspolicy\/","title":{"rendered":"Integritetspolicy"},"content":{"rendered":"\t\t<div data-elementor-type=\"wp-page\" data-elementor-id=\"2387\" class=\"elementor elementor-2387 elementor-706\">\n\t\t\t\t\t\t<section class=\"elementor-section elementor-top-section elementor-element elementor-element-7bb8d68a elementor-section-height-min-height elementor-section-items-stretch elementor-section-content-middle elementor-section-boxed elementor-section-height-default\" data-id=\"7bb8d68a\" data-element_type=\"section\" data-e-type=\"section\">\n\t\t\t\t\t\t<div class=\"elementor-container elementor-column-gap-no\">\n\t\t\t\t\t<div class=\"elementor-column elementor-col-100 elementor-top-column elementor-element elementor-element-7ede8b02\" data-id=\"7ede8b02\" data-element_type=\"column\" data-e-type=\"column\">\n\t\t\t<div class=\"elementor-widget-wrap elementor-element-populated\">\n\t\t\t\t\t\t<div class=\"elementor-element elementor-element-5d39e747 elementor-widget elementor-widget-heading\" data-id=\"5d39e747\" data-element_type=\"widget\" data-e-type=\"widget\" data-widget_type=\"heading.default\">\n\t\t\t\t<div class=\"elementor-widget-container\">\n\t\t\t\t\t<h1 class=\"elementor-heading-title elementor-size-default\">Integritetspolicy<\/h1>\t\t\t\t<\/div>\n\t\t\t\t<\/div>\n\t\t\t\t<div class=\"elementor-element elementor-element-7426fed2 elementor-widget-divider--view-line elementor-widget elementor-widget-divider\" data-id=\"7426fed2\" data-element_type=\"widget\" data-e-type=\"widget\" data-widget_type=\"divider.default\">\n\t\t\t\t<div class=\"elementor-widget-container\">\n\t\t\t\t\t\t\t<div class=\"elementor-divider\">\n\t\t\t<span class=\"elementor-divider-separator\">\n\t\t\t\t\t\t<\/span>\n\t\t<\/div>\n\t\t\t\t\t\t<\/div>\n\t\t\t\t<\/div>\n\t\t\t\t\t<\/div>\n\t\t<\/div>\n\t\t\t\t\t<\/div>\n\t\t<\/section>\n\t\t\t\t<section class=\"elementor-section elementor-top-section elementor-element elementor-element-9a7d9ca elementor-section-boxed elementor-section-height-default elementor-section-height-default\" data-id=\"9a7d9ca\" data-element_type=\"section\" data-e-type=\"section\">\n\t\t\t\t\t\t<div class=\"elementor-container elementor-column-gap-default\">\n\t\t\t\t\t<div class=\"elementor-column elementor-col-100 elementor-top-column elementor-element elementor-element-9820358\" data-id=\"9820358\" data-element_type=\"column\" data-e-type=\"column\">\n\t\t\t<div class=\"elementor-widget-wrap elementor-element-populated\">\n\t\t\t\t\t\t<div class=\"elementor-element elementor-element-eafbf2e elementor-widget elementor-widget-text-editor\" data-id=\"eafbf2e\" data-element_type=\"widget\" data-e-type=\"widget\" data-widget_type=\"text-editor.default\">\n\t\t\t\t<div class=\"elementor-widget-container\">\n\t\t\t\t\t\t\t\t\t<p><span style=\"background-color: var( --e-global-color-c696dce ); font-size: 1rem;\">Detta \u00e4r en redog\u00f6relse f\u00f6r behandling av personuppgifter i enlighet med EU:s allm\u00e4nna dataskyddsf\u00f6rordning (679\/2016).<\/span><\/p>\n<p><strong>Registeransvarig<\/strong><\/p>\n<p>Oy KIHA-Team Ab<br \/>FO-nummer: 3432268-1<br \/>adress: Varastokatu 2, 65100 VASA<br \/>Tfn. 0505251445<br \/>e-post: asiakaspalvelu@kihateam.fi<\/p>\n<p><strong>Kontaktuppgifter g\u00e4llande dataskyddsfr\u00e5gor<\/strong><\/p>\n<p>Johnny Backman<br \/>Tfn. 0407257605<br \/>s-post: johnny.backman@kihateam.fi<\/p>\n<p>Den registrerade rekommenderas att kontakta ovan n\u00e4mnda kontaktperson i alla fr\u00e5gor som r\u00f6r behandling av personuppgifter och i situationer som g\u00e4ller ut\u00f6vandet av sina personliga r\u00e4ttigheter.<\/p>\n<p><strong>Grunderna f\u00f6r och \u00e4ndam\u00e5let med behandlingen av personuppgifter<\/strong><\/p>\n<p>Den r\u00e4ttsliga grunden f\u00f6r behandling av personuppgifter \u00e4r:<br \/>\u2013 Avtalsf\u00f6rh\u00e5llandet mellan den registrerade och den registeransvarige<br \/>\u2013 Uppfyllandet av den registeransvariges lagstadgade skyldigheter<br \/>Den registeransvarige behandlar personuppgifter f\u00f6r att uppr\u00e4tth\u00e5lla kundf\u00f6rh\u00e5llanden och tj\u00e4nstef\u00f6rh\u00e5llanden, sk\u00f6ta<br \/>kontakt till exempel vid f\u00f6rfr\u00e5gningar, leverera tj\u00e4nster och f\u00f6lja<br \/>lagstiftning. Uppgifter behandlas \u00e4ven i marknadsf\u00f6rings-, f\u00f6rs\u00e4ljnings- och statistiksyfte, samt \u00e4ven<br \/>f\u00f6r att granska och utveckla verksamheten.<br \/>Alla personuppgifter som behandlas av den registeransvarige f\u00f6ljer n\u00e5got eller n\u00e5gra av ovanst\u00e5ende syften. <\/p>\n<p><strong>Regelbundna datak\u00e4llor<\/strong><\/p>\n<p>Personuppgifter som behandlas f\u00e5s fr\u00e5n f\u00f6ljande k\u00e4llor:<br \/>\u2013 Den registrade sj\u00e4lv<br \/>\u2013 Handelsregistret<br \/>\u2013 Befolkningsregistercentralen<\/p>\n<p><strong>Personuppgifter som behandlas<\/strong><\/p>\n<p>Den registeransvarige samlar endast in de personuppgifter fr\u00e5n registrerade som \u00e4r relevanta och n\u00f6dv\u00e4ndiga f\u00f6r de \u00e4ndam\u00e5l som beskrivs i denna integritetspolicy.<\/p>\n<p>F\u00f6ljande uppgifter behandlas om registrerade:<br \/>De uppgifter som behandlas \u00e4r vanligtvis person- och kontaktinformation s\u00e5som namn, f\u00f6delsetid, postadress, e-postadress och telefonnummer.<\/p>\n<p>Andra uppgifter som kan behandlas \u00e4r information om kundf\u00f6rh\u00e5llandet och agerande med KIHA-<br \/>Team p\u00e5 webbplatsen. IP-adress, enhetsinformation, plattform, spr\u00e5kinst\u00e4llning, geografisk och demografisk<\/p>\n<p>positionering kan ocks\u00e5 behandlas. Verkkosivuston k\u00e4yt\u00f6st\u00e4 ker\u00e4t\u00e4\u00e4n tietoja ev\u00e4steiden<br \/>avulla; lis\u00e4tietoja ev\u00e4stek\u00e4yt\u00e4nn\u00f6st\u00e4mme saat verkkosivustoltamme.<\/p>\n<p><strong>\u00d6verl\u00e5tande av personuppgifter<\/strong><\/p>\n<p>Parsonuppgifter \u00f6verl\u00e5ts inte \u00e5t utomst\u00e5ende, om lagar inte s\u00e5 f\u00f6rpliktar. Uppgifter kan allts\u00e5<br \/>undantagsvis \u00f6verl\u00e5tas till myndigheter n\u00e4r lagen s\u00e5 kr\u00e4ver.<\/p>\n<p><strong>Skyddande av personuppgifter<\/strong><\/p>\n<p>Den registeransvarige behandlar personuppgifterna p\u00e5 s\u00e4tt enligt vilket man efterstr\u00e4var att personuppgifternas integritet garanteras, innefattande skydd gentemot olovlig anv\u00e4ndning, pl\u00f6tsligt<br \/>f\u00f6rsvinnande, f\u00f6rst\u00f6rande eller skada.<br \/>Den registeransvarige anv\u00e4nder sig av tekniska och organisatoriska skydds\u00e5tg\u00e4rder f\u00f6r att s\u00e4kra denna m\u00e5ls\u00e4ttning, innefattande anv\u00e4ndning av brandmurar, krypteringstekniker och nyttjande av skyddade maskinutrymmen, sakenlig \u00e5tkomstkontroll, noggrann hantering av anv\u00e4ndar-ID samt genom anvisningar f\u00f6r personal som hanterar personuppgifter.<br \/>All personal som hanterar personuppgifter har tystnadsplikt i enlighet med Lag om arbetsavtal (55\/201) g\u00e4llande \u00e4renden som ber\u00f6r hantering av registrerade<br \/>personuppgifter.<\/p>\n<p><strong>Uppgifternas lagringstid<\/strong><\/p>\n<p>Den registeransvarige sparar endast personuppgifter s\u00e5 l\u00e4nge som de beh\u00f6vs<br \/>f\u00f6r att uppfylla v\u00e5ra \u00e5taganden och s\u00e5 l\u00e4nge som uppgifterna beh\u00f6ver sparas enligt lagringstider och andra lagstadgade syften.<br \/>Efter denna period raderar eller anonymiserar den registeransvarige uppgifterna inom i enlighet med sina<br \/>raderingsprocesser.<br \/>Den registeransvarige kan vara skyldig att behandla vissa av de personuppgifter<br \/>som finns i registret under en l\u00e4ngre tid \u00e4n vad som anges ovan f\u00f6r att uppfylla lagstiftning eller myndighetskrav.<\/p>\n<p><b>Den registrerades r\u00e4ttigheter<\/b><\/p>\n<p><strong><i>R\u00e4tt att f\u00e5 tillg\u00e5ng till personuppgifter<\/i><\/strong><\/p>\n<p>Den registrerade har r\u00e4tt att f\u00e5 bekr\u00e4ftelse p\u00e5 om hens personuppgifter behandlas och om de behandlas, r\u00e4tt att f\u00e5 en kopia av sina personuppgifter.<\/p>\n<p><strong><i>R\u00e4tt att r\u00e4tta uppgifter<\/i><\/strong><\/p>\n<p>Den registrerade har r\u00e4tt att beg\u00e4ra att ofullst\u00e4ndiga och felaktiga personuppgifter som r\u00f6r hen r\u00e4ttas.<br \/>Den registrerade har ocks\u00e5 r\u00e4tt att komplettera ofullst\u00e4ndiga personuppgifter genom att skicka in de n\u00f6dv\u00e4ndiga till\u00e4ggsuppgifterna. <\/p>\n<p><span lang=\"FI\">Den personuppgiftsansvarigd svarar p\u00e5 r\u00e4ttelsebeg\u00e4ran inom 48 timmar. Om det finns m\u00e5nga beg\u00e4randen eller de \u00e4r komplicerade, kan den personuppgiftsansvarige i sitt svar meddela att mer tid beh\u00f6vs.  <\/span>I s\u00e5dana fall kan tidsfristen f\u00f6rl\u00e4ngas med h\u00f6gst en m\u00e5nad.<\/p>\n<p><strong><i>R\u00e4tt att radera uppgifter<\/i><\/strong><\/p>\n<p>Den registrerade har r\u00e4tt att beg\u00e4ra radering av sina personuppgifter om<br \/>a. personuppgifter inte l\u00e4ngre beh\u00f6vs f\u00f6r de \u00e4ndam\u00e5l f\u00f6r vilka de samlats in, eller<br \/>b.  personuppgifter har behandlats p\u00e5 ett lagstridigt s\u00e4tt.<\/p>\n<p><strong><i>R\u00e4tt till begr\u00e4nsning av behandling<\/i><\/strong><\/p>\n<p>Den registrerade har r\u00e4tt att begr\u00e4nsa behandlingen av sina personuppgifter om<\/p>\n<p>a. den registrerade bestrider riktigheten av sina personuppgifter,<br \/>b. behandlingen \u00e4r olaglig och den registrerade mots\u00e4tter sig raderingen av sina personuppgifter och kr\u00e4ver i st\u00e4llet att deras anv\u00e4ndning begr\u00e4nsas, eller<br \/>c. den registeransvarige inte l\u00e4ngre beh\u00f6ver personuppgifterna f\u00f6r de ursprungliga \u00e4ndam\u00e5len f\u00f6r behandlingen, men den registrerade beh\u00f6ver dem f\u00f6r att fastst\u00e4lla, ut\u00f6va eller f\u00f6rsvara ett r\u00e4ttsligt anspr\u00e5k.  <\/p>\n<p><strong><i>R\u00e4tt att \u00f6verf\u00f6ra data fr\u00e5n ett system till ett annat<\/i><\/strong><\/p>\n<p>Den registrerade har r\u00e4tt att f\u00e5 sina personuppgifter och de personuppgifter som den registrerade sj\u00e4lv har l\u00e4mnat in i ett strukturerat, allm\u00e4nt anv\u00e4nt och maskinl\u00e4sbart format och r\u00e4tt att \u00f6verf\u00f6ra dessa uppgifter till en annan registeransvarig.<\/p>\n<p><strong><i>R\u00e4tt att l\u00e4mna in klagom\u00e5l till tillsynsmyndigheten<\/i><\/strong><\/p>\n<p>Den nationella tillsynsmyndigheten f\u00f6r fr\u00e5gor som r\u00f6r personuppgifter \u00e4r Dataombudsmannens<br \/>byr\u00e5, som verkar i samband med justitieministeriet. Du har r\u00e4tt att \u00f6verl\u00e5ta ditt \u00e4rende till tillsynsmyndigheten om du anser att behandlingen av dina personuppgifter bryter mot g\u00e4llande lagstiftning. <\/p>\n\t\t\t\t\t\t\t\t<\/div>\n\t\t\t\t<\/div>\n\t\t\t\t\t<\/div>\n\t\t<\/div>\n\t\t\t\t\t<\/div>\n\t\t<\/section>\n\t\t\t\t<\/div>\n\t\t","protected":false},"excerpt":{"rendered":"<p>Integritetspolicy Detta \u00e4r en redog\u00f6relse f\u00f6r behandling av personuppgifter i enlighet med EU:s allm\u00e4nna dataskyddsf\u00f6rordning (679\/2016). Registeransvarig Oy KIHA-Team AbFO-nummer: 3432268-1adress: Varastokatu 2, 65100 VASATfn. 0505251445e-post: asiakaspalvelu@kihateam.fi Kontaktuppgifter g\u00e4llande dataskyddsfr\u00e5gor Johnny BackmanTfn. 0407257605s-post: johnny.backman@kihateam.fi Den registrerade rekommenderas att kontakta ovan n\u00e4mnda kontaktperson i alla fr\u00e5gor som r\u00f6r behandling av personuppgifter och i situationer som g\u00e4ller [&hellip;]<\/p>\n","protected":false},"author":1,"featured_media":0,"parent":0,"menu_order":0,"comment_status":"closed","ping_status":"closed","template":"elementor_header_footer","meta":{"_themeisle_gutenberg_block_has_review":false,"footnotes":""},"class_list":["post-2387","page","type-page","status-publish","hentry"],"_links":{"self":[{"href":"https:\/\/www.kihateam.fi\/sv\/wp-json\/wp\/v2\/pages\/2387","targetHints":{"allow":["GET"]}}],"collection":[{"href":"https:\/\/www.kihateam.fi\/sv\/wp-json\/wp\/v2\/pages"}],"about":[{"href":"https:\/\/www.kihateam.fi\/sv\/wp-json\/wp\/v2\/types\/page"}],"author":[{"embeddable":true,"href":"https:\/\/www.kihateam.fi\/sv\/wp-json\/wp\/v2\/users\/1"}],"replies":[{"embeddable":true,"href":"https:\/\/www.kihateam.fi\/sv\/wp-json\/wp\/v2\/comments?post=2387"}],"version-history":[{"count":8,"href":"https:\/\/www.kihateam.fi\/sv\/wp-json\/wp\/v2\/pages\/2387\/revisions"}],"predecessor-version":[{"id":3325,"href":"https:\/\/www.kihateam.fi\/sv\/wp-json\/wp\/v2\/pages\/2387\/revisions\/3325"}],"wp:attachment":[{"href":"https:\/\/www.kihateam.fi\/sv\/wp-json\/wp\/v2\/media?parent=2387"}],"curies":[{"name":"wp","href":"https:\/\/api.w.org\/{rel}","templated":true}]}}