{"id":1271,"date":"2022-10-11T23:32:20","date_gmt":"2022-10-11T21:32:20","guid":{"rendered":"https:\/\/www.kihateam.fi\/disponentintyg\/"},"modified":"2025-05-22T18:19:32","modified_gmt":"2025-05-22T16:19:32","slug":"disponentintyg","status":"publish","type":"page","link":"https:\/\/www.kihateam.fi\/sv\/disponentintyg\/","title":{"rendered":"Disponentintyg"},"content":{"rendered":"\t\t<div data-elementor-type=\"wp-page\" data-elementor-id=\"1271\" class=\"elementor elementor-1271 elementor-306\">\n\t\t\t\t\t\t<section class=\"elementor-section elementor-top-section elementor-element elementor-element-e28c7ea elementor-section-boxed elementor-section-height-default elementor-section-height-default\" data-id=\"e28c7ea\" data-element_type=\"section\" data-e-type=\"section\">\n\t\t\t\t\t\t<div class=\"elementor-container elementor-column-gap-default\">\n\t\t\t\t\t<div class=\"elementor-column elementor-col-100 elementor-top-column elementor-element elementor-element-7c918c7\" data-id=\"7c918c7\" data-element_type=\"column\" data-e-type=\"column\">\n\t\t\t<div class=\"elementor-widget-wrap elementor-element-populated\">\n\t\t\t\t\t\t<div class=\"elementor-element elementor-element-87f01de elementor-widget elementor-widget-heading\" data-id=\"87f01de\" data-element_type=\"widget\" data-e-type=\"widget\" data-widget_type=\"heading.default\">\n\t\t\t\t<div class=\"elementor-widget-container\">\n\t\t\t\t\t<h2 class=\"elementor-heading-title elementor-size-default\"><br>Best\u00e4ll disponentintyg<br><\/h2>\t\t\t\t<\/div>\n\t\t\t\t<\/div>\n\t\t\t\t\t<\/div>\n\t\t<\/div>\n\t\t\t\t\t<\/div>\n\t\t<\/section>\n\t\t\t\t<section class=\"elementor-section elementor-top-section elementor-element elementor-element-764a8b3 elementor-section-boxed elementor-section-height-default elementor-section-height-default\" data-id=\"764a8b3\" data-element_type=\"section\" data-e-type=\"section\" data-settings=\"{&quot;background_background&quot;:&quot;classic&quot;}\">\n\t\t\t\t\t\t\t<div class=\"elementor-background-overlay\"><\/div>\n\t\t\t\t\t\t\t<div class=\"elementor-container elementor-column-gap-default\">\n\t\t\t\t\t<div class=\"elementor-column elementor-col-100 elementor-top-column elementor-element elementor-element-df65a6c\" data-id=\"df65a6c\" data-element_type=\"column\" data-e-type=\"column\" data-settings=\"{&quot;background_background&quot;:&quot;classic&quot;}\">\n\t\t\t<div class=\"elementor-widget-wrap elementor-element-populated\">\n\t\t\t\t\t\t<div class=\"elementor-element elementor-element-dcf6185 elementor-widget elementor-widget-htmega-contactform-addons\" data-id=\"dcf6185\" data-element_type=\"widget\" data-e-type=\"widget\" data-widget_type=\"htmega-contactform-addons.default\">\n\t\t\t\t<div class=\"elementor-widget-container\">\n\t\t\t\t\t            <div class=\"htmega-form-wrapper siddcf6185 htmega-form-style-4\" >\n                \n<div class=\"wpcf7 no-js\" id=\"wpcf7-f1210-o1\" lang=\"sv-SE\" dir=\"ltr\" data-wpcf7-id=\"1210\">\n<div class=\"screen-reader-response\"><p role=\"status\" aria-live=\"polite\" aria-atomic=\"true\"><\/p> <ul><\/ul><\/div>\n<form action=\"\/sv\/wp-json\/wp\/v2\/pages\/1271#wpcf7-f1210-o1\" method=\"post\" class=\"wpcf7-form init\" aria-label=\"Kontaktformul\u00e4r\" enctype=\"multipart\/form-data\" novalidate=\"novalidate\" data-status=\"init\">\n<fieldset class=\"hidden-fields-container\"><input type=\"hidden\" name=\"_wpcf7\" value=\"1210\" \/><input type=\"hidden\" name=\"_wpcf7_version\" value=\"6.1.5\" \/><input type=\"hidden\" name=\"_wpcf7_locale\" value=\"sv_SE\" \/><input type=\"hidden\" name=\"_wpcf7_unit_tag\" value=\"wpcf7-f1210-o1\" \/><input type=\"hidden\" name=\"_wpcf7_container_post\" value=\"0\" \/><input type=\"hidden\" name=\"_wpcf7_posted_data_hash\" value=\"\" \/>\n<\/fieldset>\n<p><label>Du kan best\u00e4lla ett disponentintyg med detta formul\u00e4r. V\u00e4nligen fyll i uppgifterna nedan.<br \/>\n<\/label>\n<\/p>\n<p>Leveranstiden f\u00f6r disponentintyget \u00e4r h\u00f6gst en vecka, vanligtvis 2\u20134 vardagar. Om du beh\u00f6ver intyget snabbare erbjuder vi expressleverans (n\u00e4sta vardag) mot en till\u00e4ggsavgift p\u00e5 30 \u20ac.\n<\/p>\n<p>Du kan v\u00e4lja leveranss\u00e4tt i formul\u00e4ret.\n<\/p>\n<p><span class=\"wpcf7-form-control-wrap\" data-name=\"name1\"><input size=\"40\" maxlength=\"400\" class=\"wpcf7-form-control wpcf7-text wpcf7-validates-as-required\" aria-required=\"true\" aria-invalid=\"false\" placeholder=\"Best\u00e4llarens namn\" value=\"\" type=\"text\" name=\"name1\" \/><\/span><br \/>\n<span class=\"wpcf7-form-control-wrap\" data-name=\"phone1\"><input size=\"40\" maxlength=\"400\" class=\"wpcf7-form-control wpcf7-text wpcf7-validates-as-required\" aria-required=\"true\" aria-invalid=\"false\" placeholder=\"Best\u00e4llarens telefon\" value=\"\" type=\"text\" name=\"phone1\" \/><\/span><br \/>\n<span class=\"wpcf7-form-control-wrap\" data-name=\"email1\"><input size=\"40\" maxlength=\"400\" class=\"wpcf7-form-control wpcf7-text wpcf7-validates-as-required\" aria-required=\"true\" aria-invalid=\"false\" placeholder=\"Best\u00e4llarens epost\" value=\"\" type=\"text\" name=\"email1\" \/><\/span><br \/>\n<span class=\"wpcf7-form-control-wrap\" data-name=\"address1\"><input size=\"40\" maxlength=\"400\" class=\"wpcf7-form-control wpcf7-text wpcf7-validates-as-required\" aria-required=\"true\" aria-invalid=\"false\" placeholder=\"Leveransaddress\" value=\"\" type=\"text\" name=\"address1\" \/><\/span><br \/>\n<span class=\"wpcf7-form-control-wrap\" data-name=\"postal1\"><input size=\"40\" maxlength=\"400\" class=\"wpcf7-form-control wpcf7-text wpcf7-validates-as-required\" aria-required=\"true\" aria-invalid=\"false\" placeholder=\"Postkod och plats\" value=\"\" type=\"text\" name=\"postal1\" \/><\/span><br \/>\n<span class=\"wpcf7-form-control-wrap\" data-name=\"housename1\"><input size=\"40\" maxlength=\"400\" class=\"wpcf7-form-control wpcf7-text wpcf7-validates-as-required\" aria-required=\"true\" aria-invalid=\"false\" placeholder=\"Husbolagets namn\" value=\"\" type=\"text\" name=\"housename1\" \/><\/span><br \/>\n<span class=\"wpcf7-form-control-wrap\" data-name=\"condo1\"><input size=\"40\" maxlength=\"400\" class=\"wpcf7-form-control wpcf7-text wpcf7-validates-as-required\" aria-required=\"true\" aria-invalid=\"false\" placeholder=\"Bostads nummer\" value=\"\" type=\"text\" name=\"condo1\" \/><\/span><br \/>\n<span class=\"wpcf7-form-control-wrap\" data-name=\"address2\"><input size=\"40\" maxlength=\"400\" class=\"wpcf7-form-control wpcf7-text wpcf7-validates-as-required\" aria-required=\"true\" aria-invalid=\"false\" placeholder=\"Husbolagets address\" value=\"\" type=\"text\" name=\"address2\" \/><\/span>\n<\/p>\n<p><label>Jag best\u00e4ller disponentintyg? <\/label><br \/>\nV\u00e4lj intyg enligt anv\u00e4ndnings\u00e4ndam\u00e5l:<span class=\"wpcf7-form-control-wrap\" data-name=\"valitse\"><span class=\"wpcf7-form-control wpcf7-radio\"><span class=\"wpcf7-list-item first\"><label><input type=\"radio\" name=\"valitse\" value=\"F\u00f6r f\u00f6rs\u00e4ljning (med bilagor) 138,05 \u20ac inkl. moms\" checked=\"checked\" \/><span class=\"wpcf7-list-item-label\">F\u00f6r f\u00f6rs\u00e4ljning (med bilagor) 138,05 \u20ac inkl. moms<\/span><\/label><\/span><span class=\"wpcf7-list-item\"><label><input type=\"radio\" name=\"valitse\" value=\"F\u00f6r banken (utan bilagor) 112,95 \u20ac inkl. moms\" \/><span class=\"wpcf7-list-item-label\">F\u00f6r banken (utan bilagor) 112,95 \u20ac inkl. moms<\/span><\/label><\/span><span class=\"wpcf7-list-item last\"><label><input type=\"radio\" name=\"valitse\" value=\"F\u00f6r uthyrning (utan bilagor) 112,95 \u20ac inkl. moms\" \/><span class=\"wpcf7-list-item-label\">F\u00f6r uthyrning (utan bilagor) 112,95 \u20ac inkl. moms<\/span><\/label><\/span><\/span><\/span>\n<\/p>\n<p>F\u00f6r f\u00f6rs\u00e4ljning.<br \/>\n<span class=\"wpcf7-form-control-wrap\" data-name=\"label_first\"><span class=\"wpcf7-form-control wpcf7-checkbox\"><span class=\"wpcf7-list-item first\"><input type=\"checkbox\" name=\"label_first[]\" value=\"Alla bilagor\" \/><span class=\"wpcf7-list-item-label\">Alla bilagor<\/span><\/span><span class=\"wpcf7-list-item\"><input type=\"checkbox\" name=\"label_first[]\" value=\"Senaste bokslut\" \/><span class=\"wpcf7-list-item-label\">Senaste bokslut<\/span><\/span><span class=\"wpcf7-list-item\"><input type=\"checkbox\" name=\"label_first[]\" value=\"Budget\" \/><span class=\"wpcf7-list-item-label\">Budget<\/span><\/span><span class=\"wpcf7-list-item\"><input type=\"checkbox\" name=\"label_first[]\" value=\"Bolagsordning\" \/><span class=\"wpcf7-list-item-label\">Bolagsordning<\/span><\/span><span class=\"wpcf7-list-item\"><input type=\"checkbox\" name=\"label_first[]\" value=\"Energicertifikat\" \/><span class=\"wpcf7-list-item-label\">Energicertifikat<\/span><\/span><span class=\"wpcf7-list-item last\"><input type=\"checkbox\" name=\"label_first[]\" value=\"Underh\u00e5llsredog\u00f6relse\" \/><span class=\"wpcf7-list-item-label\">Underh\u00e5llsredog\u00f6relse<\/span><\/span><\/span><\/span>\n<\/p>\n<p><span class=\"wpcf7-form-control-wrap\" data-name=\"valitse3\"><span class=\"wpcf7-form-control wpcf7-radio\"><span class=\"wpcf7-list-item first\"><label><input type=\"radio\" name=\"valitse3\" value=\"Ingen l\u00e4genhetsritning\" checked=\"checked\" \/><span class=\"wpcf7-list-item-label\">Ingen l\u00e4genhetsritning<\/span><\/label><\/span><span class=\"wpcf7-list-item last\"><label><input type=\"radio\" name=\"valitse3\" value=\"L\u00e4genhetsritning \u2013 till\u00e4ggsavgift 50,00 \u20ac\" \/><span class=\"wpcf7-list-item-label\">L\u00e4genhetsritning \u2013 till\u00e4ggsavgift 50,00 \u20ac<\/span><\/label><\/span><\/span><\/span>\n<\/p>\n<p><label>Vid behov kan du l\u00e4gga till som bilaga:<br \/>\nuppdragsavtal (obligatoriskt f\u00f6r fastighetsm\u00e4klare), eller<br \/>\nfullmakt.<\/label>\n<\/p>\n<p>PDF-format (max 5mt)\n<\/p>\n<p><span class=\"wpcf7-form-control-wrap\" data-name=\"Liite\"><input size=\"40\" class=\"wpcf7-form-control wpcf7-file\" accept=\"image\/*,.txt,application\/pdf\" aria-invalid=\"false\" type=\"file\" name=\"Liite\" \/><\/span>\n<\/p>\n<p><label>Leveranstid:<\/label><br \/>\n<span class=\"wpcf7-form-control-wrap\" data-name=\"valitse2\"><span class=\"wpcf7-form-control wpcf7-radio\"><span class=\"wpcf7-list-item first\"><label><input type=\"radio\" name=\"valitse2\" value=\"Normal leverans (ca 2\u20134 arbetsdagar)\" checked=\"checked\" \/><span class=\"wpcf7-list-item-label\">Normal leverans (ca 2\u20134 arbetsdagar)<\/span><\/label><\/span><span class=\"wpcf7-list-item last\"><label><input type=\"radio\" name=\"valitse2\" value=\"Expressleverans (n\u00e4sta arbetsdag) \u2013 30 \u20ac i till\u00e4ggsavgift\" \/><span class=\"wpcf7-list-item-label\">Expressleverans (n\u00e4sta arbetsdag) \u2013 30 \u20ac i till\u00e4ggsavgift<\/span><\/label><\/span><\/span><\/span>\n<\/p>\n<p><span class=\"wpcf7-form-control-wrap\" data-name=\"moreinfo\"><textarea cols=\"40\" rows=\"10\" maxlength=\"2000\" class=\"wpcf7-form-control wpcf7-textarea\" aria-invalid=\"false\" placeholder=\"Till\u00e4ggsinformation\" name=\"moreinfo\"><\/textarea><\/span>\n<\/p>\n<p><input class=\"wpcf7-form-control wpcf7-submit has-spinner\" type=\"submit\" value=\"Skicka\" \/>\n<\/p><div class=\"wpcf7-response-output\" aria-hidden=\"true\"><\/div>\n<\/form>\n<\/div>\n            <\/div>\n\n\n        \t\t\t\t<\/div>\n\t\t\t\t<\/div>\n\t\t\t\t\t<\/div>\n\t\t<\/div>\n\t\t\t\t\t<\/div>\n\t\t<\/section>\n\t\t\t\t<section class=\"elementor-section elementor-top-section elementor-element elementor-element-3e3baf0 elementor-section-boxed elementor-section-height-default elementor-section-height-default\" data-id=\"3e3baf0\" data-element_type=\"section\" data-e-type=\"section\">\n\t\t\t\t\t\t<div class=\"elementor-container elementor-column-gap-default\">\n\t\t\t\t\t<div class=\"elementor-column elementor-col-100 elementor-top-column elementor-element elementor-element-af0a583\" data-id=\"af0a583\" data-element_type=\"column\" data-e-type=\"column\">\n\t\t\t<div class=\"elementor-widget-wrap elementor-element-populated\">\n\t\t\t\t\t\t<div class=\"elementor-element elementor-element-cda6c07 elementor-widget elementor-widget-html\" data-id=\"cda6c07\" data-element_type=\"widget\" data-e-type=\"widget\" data-widget_type=\"html.default\">\n\t\t\t\t<div class=\"elementor-widget-container\">\n\t\t\t\t\t<script>document.addEventListener( 'wpcf7mailsent', function( event ) {\n    window.location.href = \"\/?form_sent=1\";\n}, false );\n<\/script>\t\t\t\t<\/div>\n\t\t\t\t<\/div>\n\t\t\t\t\t<\/div>\n\t\t<\/div>\n\t\t\t\t\t<\/div>\n\t\t<\/section>\n\t\t\t\t<section class=\"elementor-section elementor-top-section elementor-element elementor-element-4ff591e elementor-section-boxed elementor-section-height-default elementor-section-height-default\" data-id=\"4ff591e\" data-element_type=\"section\" data-e-type=\"section\">\n\t\t\t\t\t\t<div class=\"elementor-container elementor-column-gap-default\">\n\t\t\t\t\t<div class=\"elementor-column elementor-col-100 elementor-top-column elementor-element elementor-element-fb8d749\" data-id=\"fb8d749\" data-element_type=\"column\" data-e-type=\"column\">\n\t\t\t<div class=\"elementor-widget-wrap elementor-element-populated\">\n\t\t\t\t\t\t<div class=\"elementor-element elementor-element-dc5c508 elementor-widget elementor-widget-html\" data-id=\"dc5c508\" data-element_type=\"widget\" data-e-type=\"widget\" data-widget_type=\"html.default\">\n\t\t\t\t<div class=\"elementor-widget-container\">\n\t\t\t\t\t<script>document.addEventListener('wpcf7submit', function(event) {\n  const form = event.target;\n  const button = form.querySelector('input[type=\"submit\"], button[type=\"submit\"]');\n  if (button) {\n    button.disabled = true;\n    button.value = 'L\u00e4hetetty'; \/\/ Vaihda halutuksi\n  }\n}, false);\n<\/script>\t\t\t\t<\/div>\n\t\t\t\t<\/div>\n\t\t\t\t\t<\/div>\n\t\t<\/div>\n\t\t\t\t\t<\/div>\n\t\t<\/section>\n\t\t\t\t<\/div>\n\t\t","protected":false},"excerpt":{"rendered":"<p>Best\u00e4ll disponentintyg Voit tilata t\u00e4ll\u00e4 lomakkeella is\u00e4nn\u00f6itsij\u00e4ntodistuksen. T\u00e4yt\u00e4 yst\u00e4v\u00e4llisesti alla olevat tiedot. \u00a0 Is\u00e4nn\u00f6itsij\u00e4ntodistuksen toimitusaika on enint\u00e4\u00e4n viikko, tavallisesti 2-4 arkip\u00e4iv\u00e4\u00e4. Jos tarvitset todistuksen nopeammin, tarjoamme kiireellisen toimituksen (seuraava arkip\u00e4iv\u00e4) lis\u00e4maksusta 30 \u20ac. \u00a0 Voit valita toimitustavan lomakkeella. Tilaan is\u00e4nn\u00f6itsij\u00e4todistuksen? Valitse todistus k\u00e4ytt\u00f6tarkoituksen mukaan:Myynti\u00e4 varten (liitteineen) 112,95 \u20acPankkia varten (ilman liitteit\u00e4) 87,85 \u20acVuokrausta varten (ilman [&hellip;]<\/p>\n","protected":false},"author":1,"featured_media":0,"parent":0,"menu_order":0,"comment_status":"closed","ping_status":"closed","template":"elementor_header_footer","meta":{"_themeisle_gutenberg_block_has_review":false,"footnotes":""},"class_list":["post-1271","page","type-page","status-publish","hentry"],"_links":{"self":[{"href":"https:\/\/www.kihateam.fi\/sv\/wp-json\/wp\/v2\/pages\/1271","targetHints":{"allow":["GET"]}}],"collection":[{"href":"https:\/\/www.kihateam.fi\/sv\/wp-json\/wp\/v2\/pages"}],"about":[{"href":"https:\/\/www.kihateam.fi\/sv\/wp-json\/wp\/v2\/types\/page"}],"author":[{"embeddable":true,"href":"https:\/\/www.kihateam.fi\/sv\/wp-json\/wp\/v2\/users\/1"}],"replies":[{"embeddable":true,"href":"https:\/\/www.kihateam.fi\/sv\/wp-json\/wp\/v2\/comments?post=1271"}],"version-history":[{"count":18,"href":"https:\/\/www.kihateam.fi\/sv\/wp-json\/wp\/v2\/pages\/1271\/revisions"}],"predecessor-version":[{"id":3589,"href":"https:\/\/www.kihateam.fi\/sv\/wp-json\/wp\/v2\/pages\/1271\/revisions\/3589"}],"wp:attachment":[{"href":"https:\/\/www.kihateam.fi\/sv\/wp-json\/wp\/v2\/media?parent=1271"}],"curies":[{"name":"wp","href":"https:\/\/api.w.org\/{rel}","templated":true}]}}