{"id":1266,"date":"2022-10-11T21:00:27","date_gmt":"2022-10-11T19:00:27","guid":{"rendered":"https:\/\/www.kihateam.fi\/flyttningsanmalan\/"},"modified":"2024-08-12T18:53:21","modified_gmt":"2024-08-12T16:53:21","slug":"flyttningsanmalan","status":"publish","type":"page","link":"https:\/\/www.kihateam.fi\/sv\/flyttningsanmalan\/","title":{"rendered":"Flyttningsanm\u00e4lan"},"content":{"rendered":"\t\t<div data-elementor-type=\"wp-page\" data-elementor-id=\"1266\" class=\"elementor elementor-1266 elementor-210\">\n\t\t\t\t\t\t<section class=\"elementor-section elementor-top-section elementor-element elementor-element-fe909e9 elementor-section-boxed elementor-section-height-default elementor-section-height-default\" data-id=\"fe909e9\" data-element_type=\"section\" data-e-type=\"section\">\n\t\t\t\t\t\t<div class=\"elementor-container elementor-column-gap-default\">\n\t\t\t\t\t<div class=\"elementor-column elementor-col-100 elementor-top-column elementor-element elementor-element-21797c5\" data-id=\"21797c5\" data-element_type=\"column\" data-e-type=\"column\">\n\t\t\t<div class=\"elementor-widget-wrap elementor-element-populated\">\n\t\t\t\t\t\t<div class=\"elementor-element elementor-element-aeeb18e elementor-widget elementor-widget-heading\" data-id=\"aeeb18e\" data-element_type=\"widget\" data-e-type=\"widget\" data-widget_type=\"heading.default\">\n\t\t\t\t<div class=\"elementor-widget-container\">\n\t\t\t\t\t<h2 class=\"elementor-heading-title elementor-size-default\"><br>Blankett f\u00f6r flyttningsanm\u00e4lan<br><\/h2>\t\t\t\t<\/div>\n\t\t\t\t<\/div>\n\t\t\t\t\t<\/div>\n\t\t<\/div>\n\t\t\t\t\t<\/div>\n\t\t<\/section>\n\t\t\t\t<section class=\"elementor-section elementor-top-section elementor-element elementor-element-764a8b3 elementor-section-boxed elementor-section-height-default elementor-section-height-default\" data-id=\"764a8b3\" data-element_type=\"section\" data-e-type=\"section\" data-settings=\"{&quot;background_background&quot;:&quot;classic&quot;}\">\n\t\t\t\t\t\t\t<div class=\"elementor-background-overlay\"><\/div>\n\t\t\t\t\t\t\t<div class=\"elementor-container elementor-column-gap-default\">\n\t\t\t\t\t<div class=\"elementor-column elementor-col-100 elementor-top-column elementor-element elementor-element-df65a6c\" data-id=\"df65a6c\" data-element_type=\"column\" data-e-type=\"column\" data-settings=\"{&quot;background_background&quot;:&quot;classic&quot;}\">\n\t\t\t<div class=\"elementor-widget-wrap elementor-element-populated\">\n\t\t\t\t\t\t<div class=\"elementor-element elementor-element-dcf6185 elementor-widget elementor-widget-htmega-contactform-addons\" data-id=\"dcf6185\" data-element_type=\"widget\" data-e-type=\"widget\" data-widget_type=\"htmega-contactform-addons.default\">\n\t\t\t\t<div class=\"elementor-widget-container\">\n\t\t\t\t\t            <div class=\"htmega-form-wrapper siddcf6185 htmega-form-style-4\" >\n                \n<div class=\"wpcf7 no-js\" id=\"wpcf7-f1254-o1\" lang=\"sv-SE\" dir=\"ltr\" data-wpcf7-id=\"1254\">\n<div class=\"screen-reader-response\"><p role=\"status\" aria-live=\"polite\" aria-atomic=\"true\"><\/p> <ul><\/ul><\/div>\n<form action=\"\/sv\/wp-json\/wp\/v2\/pages\/1266#wpcf7-f1254-o1\" method=\"post\" class=\"wpcf7-form init\" aria-label=\"Kontaktformul\u00e4r\" novalidate=\"novalidate\" data-status=\"init\">\n<fieldset class=\"hidden-fields-container\"><input type=\"hidden\" name=\"_wpcf7\" value=\"1254\" \/><input type=\"hidden\" name=\"_wpcf7_version\" value=\"6.1.5\" \/><input type=\"hidden\" name=\"_wpcf7_locale\" value=\"sv_SE\" \/><input type=\"hidden\" name=\"_wpcf7_unit_tag\" value=\"wpcf7-f1254-o1\" \/><input type=\"hidden\" name=\"_wpcf7_container_post\" value=\"0\" \/><input type=\"hidden\" name=\"_wpcf7_posted_data_hash\" value=\"\" \/>\n<\/fieldset>\n<p><label> Flyttningsanm\u00e4lan b\u00f6r g\u00f6ras vid s\u00e5v\u00e4l in- som utflyttning Genom att g\u00f6ra flyttningsanm\u00e4lan i god tid f\u00f6re flytten s\u00e5 f\u00f6rs\u00e4krar du dig om att husbolaget kan vidta n\u00f6dv\u00e4ndiga \u00e5tg\u00e4rder i samband med din flytt och att allt l\u00f6per felfritt.<\/label>\n<\/p>\n<p>Jag \u00e4r <span class=\"wpcf7-form-control-wrap\" data-name=\"asukastyyppi\"><span class=\"wpcf7-form-control wpcf7-checkbox wpcf7-validates-as-required\"><span class=\"wpcf7-list-item first\"><span class=\"wpcf7-list-item-label\">Hyresg\u00e4st<\/span><input type=\"checkbox\" name=\"asukastyyppi[]\" value=\"Hyresg\u00e4st\" \/><\/span><span class=\"wpcf7-list-item last\"><span class=\"wpcf7-list-item-label\">\u00c4gare<\/span><input type=\"checkbox\" name=\"asukastyyppi[]\" value=\"\u00c4gare\" \/><\/span><\/span><\/span>\n<\/p>\n<p><span class=\"wpcf7-form-control-wrap\" data-name=\"owner\"><input size=\"40\" maxlength=\"400\" class=\"wpcf7-form-control wpcf7-text\" aria-invalid=\"false\" placeholder=\"L\u00e4genhets\u00e4garens namn (om du \u00e4r en hyresg\u00e4st)\" value=\"\" type=\"text\" name=\"owner\" \/><\/span>\n<\/p>\n<p>Typ <span class=\"wpcf7-form-control-wrap\" data-name=\"Muuttotyyppi\"><span class=\"wpcf7-form-control wpcf7-checkbox wpcf7-validates-as-required\"><span class=\"wpcf7-list-item first\"><span class=\"wpcf7-list-item-label\">Inflyttning<\/span><input type=\"checkbox\" name=\"Muuttotyyppi[]\" value=\"Inflyttning\" \/><\/span><span class=\"wpcf7-list-item last\"><span class=\"wpcf7-list-item-label\">Utflyttning<\/span><input type=\"checkbox\" name=\"Muuttotyyppi[]\" value=\"Utflyttning\" \/><\/span><\/span><\/span>\n<\/p>\n<p><span class=\"wpcf7-form-control-wrap\" data-name=\"date\"><input size=\"40\" maxlength=\"400\" class=\"wpcf7-form-control wpcf7-text wpcf7-validates-as-required\" aria-required=\"true\" aria-invalid=\"false\" placeholder=\"Flyttningsdatum dd.mm.\u00e5\u00e5\u00e5\u00e5\" value=\"\" type=\"text\" name=\"date\" \/><\/span>\n<\/p>\n<p><label> Vart flyttar du <\/label><br \/>\n<span class=\"wpcf7-form-control-wrap\" data-name=\"address\"><input size=\"40\" maxlength=\"400\" class=\"wpcf7-form-control wpcf7-text wpcf7-validates-as-required\" aria-required=\"true\" aria-invalid=\"false\" placeholder=\"Adress\" value=\"\" type=\"text\" name=\"address\" \/><\/span><br \/>\n<span class=\"wpcf7-form-control-wrap\" data-name=\"housename\"><input size=\"40\" maxlength=\"400\" class=\"wpcf7-form-control wpcf7-text wpcf7-validates-as-required\" aria-required=\"true\" aria-invalid=\"false\" placeholder=\"Husbolagets namn\" value=\"\" type=\"text\" name=\"housename\" \/><\/span><br \/>\n<span class=\"wpcf7-form-control-wrap\" data-name=\"postal\"><input size=\"40\" maxlength=\"400\" class=\"wpcf7-form-control wpcf7-text wpcf7-validates-as-required\" aria-required=\"true\" aria-invalid=\"false\" placeholder=\"Postnummer och -ort\" value=\"\" type=\"text\" name=\"postal\" \/><\/span><br \/>\nFlyttar du till n\u00e5gon <span class=\"wpcf7-form-control-wrap\" data-name=\"tyyppi\"><span class=\"wpcf7-form-control wpcf7-checkbox wpcf7-validates-as-required\"><span class=\"wpcf7-list-item first\"><span class=\"wpcf7-list-item-label\">Ja<\/span><input type=\"checkbox\" name=\"tyyppi[]\" value=\"Ja\" \/><\/span><span class=\"wpcf7-list-item last\"><span class=\"wpcf7-list-item-label\">Nej<\/span><input type=\"checkbox\" name=\"tyyppi[]\" value=\"Nej\" \/><\/span><\/span><\/span>\n<\/p>\n<p><label> Varifr\u00e5n flyttar du <\/label><br \/>\n<span class=\"wpcf7-form-control-wrap\" data-name=\"address2\"><input size=\"40\" maxlength=\"400\" class=\"wpcf7-form-control wpcf7-text wpcf7-validates-as-required\" aria-required=\"true\" aria-invalid=\"false\" placeholder=\"Adress\" value=\"\" type=\"text\" name=\"address2\" \/><\/span><br \/>\n<span class=\"wpcf7-form-control-wrap\" data-name=\"housename2\"><input size=\"40\" maxlength=\"400\" class=\"wpcf7-form-control wpcf7-text wpcf7-validates-as-required\" aria-required=\"true\" aria-invalid=\"false\" placeholder=\"Husbolagets namn\" value=\"\" type=\"text\" name=\"housename2\" \/><\/span><br \/>\n<span class=\"wpcf7-form-control-wrap\" data-name=\"postal2\"><input size=\"40\" maxlength=\"400\" class=\"wpcf7-form-control wpcf7-text wpcf7-validates-as-required\" aria-required=\"true\" aria-invalid=\"false\" placeholder=\"Postinummer och -ort\" value=\"\" type=\"text\" name=\"postal2\" \/><\/span>\n<\/p>\n<p><label> Personuppgifter p\u00e5 samtliga som flyttar: <\/label>\n<\/p>\n<p><span class=\"wpcf7-form-control-wrap\" data-name=\"name1\"><input size=\"40\" maxlength=\"400\" class=\"wpcf7-form-control wpcf7-text wpcf7-validates-as-required\" aria-required=\"true\" aria-invalid=\"false\" placeholder=\"Person 1\" value=\"\" type=\"text\" name=\"name1\" \/><\/span><br \/>\n<span class=\"wpcf7-form-control-wrap\" data-name=\"birthdate1\"><input size=\"40\" maxlength=\"400\" class=\"wpcf7-form-control wpcf7-text wpcf7-validates-as-required\" aria-required=\"true\" aria-invalid=\"false\" placeholder=\"F\u00f6delsedatum dd.mm.\u00e5\u00e5\u00e5\u00e5\" value=\"\" type=\"text\" name=\"birthdate1\" \/><\/span><br \/>\n<span class=\"wpcf7-form-control-wrap\" data-name=\"email1\"><input size=\"40\" maxlength=\"400\" class=\"wpcf7-form-control wpcf7-text wpcf7-validates-as-required\" aria-required=\"true\" aria-invalid=\"false\" placeholder=\"Epost\" value=\"\" type=\"text\" name=\"email1\" \/><\/span><br \/>\n<span class=\"wpcf7-form-control-wrap\" data-name=\"phone1\"><input size=\"40\" maxlength=\"400\" class=\"wpcf7-form-control wpcf7-text wpcf7-validates-as-required\" aria-required=\"true\" aria-invalid=\"false\" placeholder=\"Telefon\" value=\"\" type=\"text\" name=\"phone1\" \/><\/span>\n<\/p>\n<p><span class=\"wpcf7-form-control-wrap\" data-name=\"name2\"><input size=\"40\" maxlength=\"400\" class=\"wpcf7-form-control wpcf7-text\" aria-invalid=\"false\" placeholder=\"Person 2\" value=\"\" type=\"text\" name=\"name2\" \/><\/span><br \/>\n<span class=\"wpcf7-form-control-wrap\" data-name=\"birthdate2\"><input size=\"40\" maxlength=\"400\" class=\"wpcf7-form-control wpcf7-text\" aria-invalid=\"false\" placeholder=\"F\u00f6delsedatum dd.mm.\u00e5\u00e5\u00e5\u00e5\" value=\"\" type=\"text\" name=\"birthdate2\" \/><\/span><br \/>\n<span class=\"wpcf7-form-control-wrap\" data-name=\"email2\"><input size=\"40\" maxlength=\"400\" class=\"wpcf7-form-control wpcf7-text\" aria-invalid=\"false\" placeholder=\"Epost\" value=\"\" type=\"text\" name=\"email2\" \/><\/span><br \/>\n<span class=\"wpcf7-form-control-wrap\" data-name=\"phone2\"><input size=\"40\" maxlength=\"400\" class=\"wpcf7-form-control wpcf7-text\" aria-invalid=\"false\" placeholder=\"Telefon\" value=\"\" type=\"text\" name=\"phone2\" \/><\/span>\n<\/p>\n<p><span class=\"wpcf7-form-control-wrap\" data-name=\"name3\"><input size=\"40\" maxlength=\"400\" class=\"wpcf7-form-control wpcf7-text\" aria-invalid=\"false\" placeholder=\"Person 3\" value=\"\" type=\"text\" name=\"name3\" \/><\/span><br \/>\n<span class=\"wpcf7-form-control-wrap\" data-name=\"birthdate3\"><input size=\"40\" maxlength=\"400\" class=\"wpcf7-form-control wpcf7-text\" aria-invalid=\"false\" placeholder=\"F\u00f6delsedatum dd.mm.\u00e5\u00e5\u00e5\u00e5\" value=\"\" type=\"text\" name=\"birthdate3\" \/><\/span><br \/>\n<span class=\"wpcf7-form-control-wrap\" data-name=\"email3\"><input size=\"40\" maxlength=\"400\" class=\"wpcf7-form-control wpcf7-text\" aria-invalid=\"false\" placeholder=\"Epost\" value=\"\" type=\"text\" name=\"email3\" \/><\/span><br \/>\n<span class=\"wpcf7-form-control-wrap\" data-name=\"phone3\"><input size=\"40\" maxlength=\"400\" class=\"wpcf7-form-control wpcf7-text\" aria-invalid=\"false\" placeholder=\"Telefon\" value=\"\" type=\"text\" name=\"phone3\" \/><\/span>\n<\/p>\n<p><span class=\"wpcf7-form-control-wrap\" data-name=\"name4\"><input size=\"40\" maxlength=\"400\" class=\"wpcf7-form-control wpcf7-text\" aria-invalid=\"false\" placeholder=\"Person 4\" value=\"\" type=\"text\" name=\"name4\" \/><\/span><br \/>\n<span class=\"wpcf7-form-control-wrap\" data-name=\"birthdate4\"><input size=\"40\" maxlength=\"400\" class=\"wpcf7-form-control wpcf7-text\" aria-invalid=\"false\" placeholder=\"F\u00f6delsedatum dd.mm.\u00e5\u00e5\u00e5\u00e5\" value=\"\" type=\"text\" name=\"birthdate4\" \/><\/span><br \/>\n<span class=\"wpcf7-form-control-wrap\" data-name=\"email4\"><input size=\"40\" maxlength=\"400\" class=\"wpcf7-form-control wpcf7-text\" aria-invalid=\"false\" placeholder=\"Epost\" value=\"\" type=\"text\" name=\"email4\" \/><\/span><br \/>\n<span class=\"wpcf7-form-control-wrap\" data-name=\"phone4\"><input size=\"40\" maxlength=\"400\" class=\"wpcf7-form-control wpcf7-text\" aria-invalid=\"false\" placeholder=\"Telefon\" value=\"\" type=\"text\" name=\"phone4\" \/><\/span>\n<\/p>\n<p><span class=\"wpcf7-form-control-wrap\" data-name=\"name5\"><input size=\"40\" maxlength=\"400\" class=\"wpcf7-form-control wpcf7-text\" aria-invalid=\"false\" placeholder=\"Person 5\" value=\"\" type=\"text\" name=\"name5\" \/><\/span><br \/>\n<span class=\"wpcf7-form-control-wrap\" data-name=\"birthdate5\"><input size=\"40\" maxlength=\"400\" class=\"wpcf7-form-control wpcf7-text\" aria-invalid=\"false\" placeholder=\"F\u00f6delsedatum dd.mm.\u00e5\u00e5\u00e5\u00e5\" value=\"\" type=\"text\" name=\"birthdate5\" \/><\/span><br \/>\n<span class=\"wpcf7-form-control-wrap\" data-name=\"email5\"><input size=\"40\" maxlength=\"400\" class=\"wpcf7-form-control wpcf7-text\" aria-invalid=\"false\" placeholder=\"Epost\" value=\"\" type=\"text\" name=\"email5\" \/><\/span><br \/>\n<span class=\"wpcf7-form-control-wrap\" data-name=\"phone5\"><input size=\"40\" maxlength=\"400\" class=\"wpcf7-form-control wpcf7-text\" aria-invalid=\"false\" placeholder=\"Telefon\" value=\"\" type=\"text\" name=\"phone5\" \/><\/span>\n<\/p>\n<p><span class=\"wpcf7-form-control-wrap\" data-name=\"lisatieto\"><textarea cols=\"40\" rows=\"10\" maxlength=\"2000\" class=\"wpcf7-form-control wpcf7-textarea\" aria-invalid=\"false\" placeholder=\"Till\u00e4ggsuppgifter(tex. behov av bilplats etc.)\" name=\"lisatieto\"><\/textarea><\/span>\n<\/p>\n<p><input class=\"wpcf7-form-control wpcf7-submit has-spinner\" type=\"submit\" value=\"Skicka\" \/>\n<\/p><div class=\"wpcf7-response-output\" aria-hidden=\"true\"><\/div>\n<\/form>\n<\/div>\n            <\/div>\n\n\n        \t\t\t\t<\/div>\n\t\t\t\t<\/div>\n\t\t\t\t\t<\/div>\n\t\t<\/div>\n\t\t\t\t\t<\/div>\n\t\t<\/section>\n\t\t\t\t<\/div>\n\t\t","protected":false},"excerpt":{"rendered":"<p>Blankett f\u00f6r flyttningsanm\u00e4lan Muuttoilmoitus on teht\u00e4v\u00e4 sek\u00e4 taloon muutettaessa ett\u00e4 talosta pois muutettaessa. Ajoissa ilmoittamalla varmistat sen, ett\u00e4 taloyhti\u00f6ss\u00e4 osataan varautua muuttoosi ja kaikki sujuu ongelmitta. Kaikki tiedot ovat pakollisia lukuunottamatta lis\u00e4tietokentt\u00e4\u00e4 sek\u00e4 lis\u00e4henkil\u00f6it\u00e4 Olen VuokralainenOmistaja Tyyppi Sis\u00e4\u00e4nmuuttoL\u00e4ht\u00f6 Mihin muutetaan Muutatko jonkun luo Kyll\u00e4Ei Mist\u00e4 muutetaan Henkil\u00f6tiedot, kaikki muuttajat<\/p>\n","protected":false},"author":1,"featured_media":0,"parent":0,"menu_order":0,"comment_status":"closed","ping_status":"closed","template":"elementor_header_footer","meta":{"_themeisle_gutenberg_block_has_review":false,"footnotes":""},"class_list":["post-1266","page","type-page","status-publish","hentry"],"_links":{"self":[{"href":"https:\/\/www.kihateam.fi\/sv\/wp-json\/wp\/v2\/pages\/1266","targetHints":{"allow":["GET"]}}],"collection":[{"href":"https:\/\/www.kihateam.fi\/sv\/wp-json\/wp\/v2\/pages"}],"about":[{"href":"https:\/\/www.kihateam.fi\/sv\/wp-json\/wp\/v2\/types\/page"}],"author":[{"embeddable":true,"href":"https:\/\/www.kihateam.fi\/sv\/wp-json\/wp\/v2\/users\/1"}],"replies":[{"embeddable":true,"href":"https:\/\/www.kihateam.fi\/sv\/wp-json\/wp\/v2\/comments?post=1266"}],"version-history":[{"count":10,"href":"https:\/\/www.kihateam.fi\/sv\/wp-json\/wp\/v2\/pages\/1266\/revisions"}],"predecessor-version":[{"id":2752,"href":"https:\/\/www.kihateam.fi\/sv\/wp-json\/wp\/v2\/pages\/1266\/revisions\/2752"}],"wp:attachment":[{"href":"https:\/\/www.kihateam.fi\/sv\/wp-json\/wp\/v2\/media?parent=1266"}],"curies":[{"name":"wp","href":"https:\/\/api.w.org\/{rel}","templated":true}]}}