{"id":1256,"date":"2022-10-11T23:34:59","date_gmt":"2022-10-11T21:34:59","guid":{"rendered":"https:\/\/www.kihateam.fi\/nyckel-bestallning\/"},"modified":"2024-08-12T19:11:51","modified_gmt":"2024-08-12T17:11:51","slug":"nyckel-bestallning","status":"publish","type":"page","link":"https:\/\/www.kihateam.fi\/sv\/nyckel-bestallning\/","title":{"rendered":"Nyckelbest\u00e4llning"},"content":{"rendered":"\t\t<div data-elementor-type=\"wp-page\" data-elementor-id=\"1256\" class=\"elementor elementor-1256 elementor-312\">\n\t\t\t\t\t\t<section class=\"elementor-section elementor-top-section elementor-element elementor-element-c3bbb52 elementor-section-boxed elementor-section-height-default elementor-section-height-default\" data-id=\"c3bbb52\" data-element_type=\"section\" data-e-type=\"section\">\n\t\t\t\t\t\t<div class=\"elementor-container elementor-column-gap-default\">\n\t\t\t\t\t<div class=\"elementor-column elementor-col-100 elementor-top-column elementor-element elementor-element-143b760\" data-id=\"143b760\" data-element_type=\"column\" data-e-type=\"column\">\n\t\t\t<div class=\"elementor-widget-wrap elementor-element-populated\">\n\t\t\t\t\t\t<div class=\"elementor-element elementor-element-7baa1cd elementor-widget elementor-widget-heading\" data-id=\"7baa1cd\" data-element_type=\"widget\" data-e-type=\"widget\" data-widget_type=\"heading.default\">\n\t\t\t\t<div class=\"elementor-widget-container\">\n\t\t\t\t\t<h2 class=\"elementor-heading-title elementor-size-default\"><br>Blankett f\u00f6r best\u00e4llning av nycklar<br><\/h2>\t\t\t\t<\/div>\n\t\t\t\t<\/div>\n\t\t\t\t\t<\/div>\n\t\t<\/div>\n\t\t\t\t\t<\/div>\n\t\t<\/section>\n\t\t\t\t<section class=\"elementor-section elementor-top-section elementor-element elementor-element-764a8b3 elementor-section-boxed elementor-section-height-default elementor-section-height-default\" data-id=\"764a8b3\" data-element_type=\"section\" data-e-type=\"section\" data-settings=\"{&quot;background_background&quot;:&quot;classic&quot;}\">\n\t\t\t\t\t\t\t<div class=\"elementor-background-overlay\"><\/div>\n\t\t\t\t\t\t\t<div class=\"elementor-container elementor-column-gap-default\">\n\t\t\t\t\t<div class=\"elementor-column elementor-col-100 elementor-top-column elementor-element elementor-element-df65a6c\" data-id=\"df65a6c\" data-element_type=\"column\" data-e-type=\"column\" data-settings=\"{&quot;background_background&quot;:&quot;classic&quot;}\">\n\t\t\t<div class=\"elementor-widget-wrap elementor-element-populated\">\n\t\t\t\t\t\t<div class=\"elementor-element elementor-element-dcf6185 elementor-widget elementor-widget-htmega-contactform-addons\" data-id=\"dcf6185\" data-element_type=\"widget\" data-e-type=\"widget\" data-widget_type=\"htmega-contactform-addons.default\">\n\t\t\t\t<div class=\"elementor-widget-container\">\n\t\t\t\t\t            <div class=\"htmega-form-wrapper siddcf6185 htmega-form-style-4\" >\n                \n<div class=\"wpcf7 no-js\" id=\"wpcf7-f1205-o1\" lang=\"sv-SE\" dir=\"ltr\" data-wpcf7-id=\"1205\">\n<div class=\"screen-reader-response\"><p role=\"status\" aria-live=\"polite\" aria-atomic=\"true\"><\/p> <ul><\/ul><\/div>\n<form action=\"\/sv\/wp-json\/wp\/v2\/pages\/1256#wpcf7-f1205-o1\" method=\"post\" class=\"wpcf7-form init\" aria-label=\"Kontaktformul\u00e4r\" novalidate=\"novalidate\" data-status=\"init\">\n<fieldset class=\"hidden-fields-container\"><input type=\"hidden\" name=\"_wpcf7\" value=\"1205\" \/><input type=\"hidden\" name=\"_wpcf7_version\" value=\"6.1.5\" \/><input type=\"hidden\" name=\"_wpcf7_locale\" value=\"sv_SE\" \/><input type=\"hidden\" name=\"_wpcf7_unit_tag\" value=\"wpcf7-f1205-o1\" \/><input type=\"hidden\" name=\"_wpcf7_container_post\" value=\"0\" \/><input type=\"hidden\" name=\"_wpcf7_posted_data_hash\" value=\"\" \/>\n<\/fieldset>\n<p>Nyckelbest\u00e4llning kan edast g\u00f6ras av aktie\u00e4gare!\n<\/p>\n<p>Vi vidarebefordrar er best\u00e4llning till l\u00e5sspecialisten. Nycklarnas leveranstid och -pris varierar beroende p\u00e5 nyckeltyp. Kostnaden tas ut av aktie\u00e4garen.\n<\/p>\n<p>Om ni har tappat bort nyckeln och vill best\u00e4lla omkodning av l\u00e5set, meddela om detta i till\u00e4gs-uppgiftsf\u00e4ltet.\n<\/p>\n<p><span class=\"wpcf7-form-control-wrap\" data-name=\"name1\"><input size=\"40\" maxlength=\"400\" class=\"wpcf7-form-control wpcf7-text wpcf7-validates-as-required\" aria-required=\"true\" aria-invalid=\"false\" placeholder=\"Best\u00e4llarens namn\" value=\"\" type=\"text\" name=\"name1\" \/><\/span><br \/>\n<span class=\"wpcf7-form-control-wrap\" data-name=\"phone1\"><input size=\"40\" maxlength=\"400\" class=\"wpcf7-form-control wpcf7-text wpcf7-validates-as-required\" aria-required=\"true\" aria-invalid=\"false\" placeholder=\"Best\u00e4llarens telefonnummer\" value=\"\" type=\"text\" name=\"phone1\" \/><\/span><br \/>\n<span class=\"wpcf7-form-control-wrap\" data-name=\"email1\"><input size=\"40\" maxlength=\"400\" class=\"wpcf7-form-control wpcf7-text wpcf7-validates-as-required\" aria-required=\"true\" aria-invalid=\"false\" placeholder=\"Best\u00e4llarens epost\" value=\"\" type=\"text\" name=\"email1\" \/><\/span><br \/>\n<span class=\"wpcf7-form-control-wrap\" data-name=\"billing\"><input size=\"40\" maxlength=\"400\" class=\"wpcf7-form-control wpcf7-text wpcf7-validates-as-required\" aria-required=\"true\" aria-invalid=\"false\" placeholder=\"Faktureringsadress\" value=\"\" type=\"text\" name=\"billing\" \/><\/span><br \/>\n<span class=\"wpcf7-form-control-wrap\" data-name=\"postal1\"><input size=\"40\" maxlength=\"400\" class=\"wpcf7-form-control wpcf7-text wpcf7-validates-as-required\" aria-required=\"true\" aria-invalid=\"false\" placeholder=\"Postnummer och -ort\" value=\"\" type=\"text\" name=\"postal1\" \/><\/span><br \/>\n<span class=\"wpcf7-form-control-wrap\" data-name=\"address2\"><input size=\"40\" maxlength=\"400\" class=\"wpcf7-form-control wpcf7-text wpcf7-validates-as-required\" aria-required=\"true\" aria-invalid=\"false\" placeholder=\"Bostadens adress\" value=\"\" type=\"text\" name=\"address2\" \/><\/span><br \/>\n<span class=\"wpcf7-form-control-wrap\" data-name=\"owner\"><input size=\"40\" maxlength=\"400\" class=\"wpcf7-form-control wpcf7-text wpcf7-validates-as-required\" aria-required=\"true\" aria-invalid=\"false\" placeholder=\"Aktie\u00e4gare\" value=\"\" type=\"text\" name=\"owner\" \/><\/span><br \/>\n<span class=\"wpcf7-form-control-wrap\" data-name=\"keys\"><input size=\"40\" maxlength=\"400\" class=\"wpcf7-form-control wpcf7-text wpcf7-validates-as-required\" aria-required=\"true\" aria-invalid=\"false\" placeholder=\"Antal till\u00e4ggsnycklar som best\u00e4lles\" value=\"\" type=\"text\" name=\"keys\" \/><\/span><br \/>\n<span class=\"wpcf7-form-control-wrap\" data-name=\"moreinfo\"><textarea cols=\"40\" rows=\"10\" maxlength=\"2000\" class=\"wpcf7-form-control wpcf7-textarea\" aria-invalid=\"false\" placeholder=\"Till\u00e4ggsuppgifter\" name=\"moreinfo\"><\/textarea><\/span>\n<\/p>\n<p><input class=\"wpcf7-form-control wpcf7-submit has-spinner\" type=\"submit\" value=\"Skicka\" \/>\n<\/p><div class=\"wpcf7-response-output\" aria-hidden=\"true\"><\/div>\n<\/form>\n<\/div>\n            <\/div>\n\n\n        \t\t\t\t<\/div>\n\t\t\t\t<\/div>\n\t\t\t\t\t<\/div>\n\t\t<\/div>\n\t\t\t\t\t<\/div>\n\t\t<\/section>\n\t\t\t\t<\/div>\n\t\t","protected":false},"excerpt":{"rendered":"<p>Blankett f\u00f6r best\u00e4llning av nycklar Avaintilauksen voi tehd\u00e4 vain osakkeenomistaja. Tilauksen tultua v\u00e4lit\u00e4mme sen lukkoliikkeeseen. Avainten toimitusaika ja hinta vaihtelevat avaintyypin mukaan. Kustannukset tulevat osakkeenomistajan maksettaviksi. Jos olette kadottaneet avaimen ja haluatte my\u00f6s lukon uudelleensarjoituksen, ilmoittakaa siit\u00e4 lis\u00e4tiedot \u2013kohdassa.<\/p>\n","protected":false},"author":1,"featured_media":0,"parent":0,"menu_order":0,"comment_status":"closed","ping_status":"closed","template":"elementor_header_footer","meta":{"_themeisle_gutenberg_block_has_review":false,"footnotes":""},"class_list":["post-1256","page","type-page","status-publish","hentry"],"_links":{"self":[{"href":"https:\/\/www.kihateam.fi\/sv\/wp-json\/wp\/v2\/pages\/1256","targetHints":{"allow":["GET"]}}],"collection":[{"href":"https:\/\/www.kihateam.fi\/sv\/wp-json\/wp\/v2\/pages"}],"about":[{"href":"https:\/\/www.kihateam.fi\/sv\/wp-json\/wp\/v2\/types\/page"}],"author":[{"embeddable":true,"href":"https:\/\/www.kihateam.fi\/sv\/wp-json\/wp\/v2\/users\/1"}],"replies":[{"embeddable":true,"href":"https:\/\/www.kihateam.fi\/sv\/wp-json\/wp\/v2\/comments?post=1256"}],"version-history":[{"count":19,"href":"https:\/\/www.kihateam.fi\/sv\/wp-json\/wp\/v2\/pages\/1256\/revisions"}],"predecessor-version":[{"id":2794,"href":"https:\/\/www.kihateam.fi\/sv\/wp-json\/wp\/v2\/pages\/1256\/revisions\/2794"}],"wp:attachment":[{"href":"https:\/\/www.kihateam.fi\/sv\/wp-json\/wp\/v2\/media?parent=1256"}],"curies":[{"name":"wp","href":"https:\/\/api.w.org\/{rel}","templated":true}]}}