{"id":1244,"date":"2022-11-07T18:49:25","date_gmt":"2022-11-07T16:49:25","guid":{"rendered":"https:\/\/www.kihateam.fi\/yrityksemme-2\/"},"modified":"2025-12-11T23:21:12","modified_gmt":"2025-12-11T21:21:12","slug":"foretaget","status":"publish","type":"page","link":"https:\/\/www.kihateam.fi\/sv\/foretaget\/","title":{"rendered":"F\u00f6retaget"},"content":{"rendered":"\t\t<div data-elementor-type=\"wp-page\" data-elementor-id=\"1244\" class=\"elementor elementor-1244 elementor-1238\">\n\t\t\t\t\t\t<section class=\"elementor-section elementor-top-section elementor-element elementor-element-16ba2478 elementor-section-boxed elementor-section-height-default elementor-section-height-default\" data-id=\"16ba2478\" data-element_type=\"section\" data-e-type=\"section\">\n\t\t\t\t\t\t<div class=\"elementor-container elementor-column-gap-default\">\n\t\t\t\t\t<div class=\"elementor-column elementor-col-100 elementor-top-column elementor-element elementor-element-512cb83c\" data-id=\"512cb83c\" data-element_type=\"column\" data-e-type=\"column\">\n\t\t\t<div class=\"elementor-widget-wrap elementor-element-populated\">\n\t\t\t\t\t\t<div class=\"elementor-element elementor-element-722a4f74 elementor-widget elementor-widget-text-editor\" data-id=\"722a4f74\" data-element_type=\"widget\" data-e-type=\"widget\" data-widget_type=\"text-editor.default\">\n\t\t\t\t<div class=\"elementor-widget-container\">\n\t\t\t\t\t\t\t\t\t\n<div id=\"wp-block-themeisle-blocks-advanced-columns-fc40b29f\" class=\"wp-block-themeisle-blocks-advanced-columns has-0-columns has-desktop-undefined-layout has-tablet-equal-layout has-mobile-equal-layout has-vertical-unset\"><div class=\"wp-block-themeisle-blocks-advanced-columns-overlay\"\/><div class=\"innerblocks-wrap\"\/><\/div>\n\t\t\t\t\t\t\t\t<\/div>\n\t\t\t\t<\/div>\n\t\t\t\t\t<\/div>\n\t\t<\/div>\n\t\t\t\t\t<\/div>\n\t\t<\/section>\n\t\t\t\t<section class=\"elementor-section elementor-top-section elementor-element elementor-element-fdc9fa1 elementor-section-boxed elementor-section-height-default elementor-section-height-default\" data-id=\"fdc9fa1\" data-element_type=\"section\" data-e-type=\"section\">\n\t\t\t\t\t\t<div class=\"elementor-container elementor-column-gap-no\">\n\t\t\t\t\t<div class=\"elementor-column elementor-col-50 elementor-top-column elementor-element elementor-element-10fc8bf\" data-id=\"10fc8bf\" data-element_type=\"column\" data-e-type=\"column\">\n\t\t\t<div class=\"elementor-widget-wrap elementor-element-populated\">\n\t\t\t\t\t\t<div class=\"elementor-element elementor-element-cb020c4 elementor-widget elementor-widget-heading\" data-id=\"cb020c4\" data-element_type=\"widget\" data-e-type=\"widget\" data-widget_type=\"heading.default\">\n\t\t\t\t<div class=\"elementor-widget-container\">\n\t\t\t\t\t<h1 class=\"elementor-heading-title elementor-size-default\">Om f\u00f6retaget<\/h1>\t\t\t\t<\/div>\n\t\t\t\t<\/div>\n\t\t\t\t<div class=\"elementor-element elementor-element-5d80a70 elementor-widget elementor-widget-text-editor\" data-id=\"5d80a70\" data-element_type=\"widget\" data-e-type=\"widget\" data-widget_type=\"text-editor.default\">\n\t\t\t\t<div class=\"elementor-widget-container\">\n\t\t\t\t\t\t\t\t\t<p style=\"font-weight: 400;\">Disponentbyr\u00e5n KIHA-Team erbjuder fastighetsf\u00f6rvaltningstj\u00e4nster \u00e5t s\u00e5v\u00e4l stora som sm\u00e5 fastighets- och bostadsbolag.<\/p><p style=\"font-weight: 400;\">Bolaget \u00e4r nygrundat, men dess verksamhet grundar sig p\u00e5 m\u00e5ng\u00e5rig erfarenhet fr\u00e5n fastighetsbranschen. F\u00f6retagets hemort \u00e4r Vasa\/Korsholm, men vi erbjuder v\u00e5ra tj\u00e4nster i hela landet!<\/p><p style=\"font-weight: 400;\">Med hj\u00e4lp av elektroniska system och ett brett kunnande \u00e4r vi en <strong>disponentbyr\u00e5 med helt\u00e4ckande service<\/strong> \u2013 hos oss f\u00e5r ni all service under samma tak fr\u00e5n b\u00f6rjan till slut. &#8211; n\u00e4mligen disponenttj\u00e4nster, fastighets- och ekonomif\u00f6rvaltning \u00e4vensom juridiska- och andra st\u00f6dtj\u00e4nster.<\/p>\t\t\t\t\t\t\t\t<\/div>\n\t\t\t\t<\/div>\n\t\t\t\t\t<\/div>\n\t\t<\/div>\n\t\t\t\t<div class=\"elementor-column elementor-col-50 elementor-top-column elementor-element elementor-element-c2b9bb0\" data-id=\"c2b9bb0\" data-element_type=\"column\" data-e-type=\"column\">\n\t\t\t<div class=\"elementor-widget-wrap elementor-element-populated\">\n\t\t\t\t\t\t<div class=\"elementor-element elementor-element-0dcf5fa elementor-widget elementor-widget-heading\" data-id=\"0dcf5fa\" data-element_type=\"widget\" data-e-type=\"widget\" data-widget_type=\"heading.default\">\n\t\t\t\t<div class=\"elementor-widget-container\">\n\t\t\t\t\t<h1 class=\"elementor-heading-title elementor-size-default\">V\u00e5r filosofi<\/h1>\t\t\t\t<\/div>\n\t\t\t\t<\/div>\n\t\t\t\t<div class=\"elementor-element elementor-element-282619c elementor-widget elementor-widget-text-editor\" data-id=\"282619c\" data-element_type=\"widget\" data-e-type=\"widget\" data-widget_type=\"text-editor.default\">\n\t\t\t\t<div class=\"elementor-widget-container\">\n\t\t\t\t\t\t\t\t\t<p>Tillg\u00e4nglighet, genomskinlighet och noggrannhet \u00e4r ledord f\u00f6r oss i v\u00e5r verksamhet. Vi tar p\u00e5 st\u00f6rsta allvar det f\u00f6rtroende som vi f\u00e5tt att omh\u00e4nderha v\u00e5ra kunders egendom.<\/p><p>F\u00f6r m\u00e5nga \u00e4r l\u00e4genheten deras st\u00f6rsta investering i livet. D\u00e4rf\u00f6r \u00e4r det viktigt f\u00f6r oss att sk\u00f6ta husbolagets ekonomi p\u00e5 ett effektivt och noggrant s\u00e4tt, s\u00e5 att sk\u00f6tselkostnaderna h\u00e5lls s\u00e5 l\u00e5ga som m\u00f6jligt &#8211; alltid med \u00e4garnas intresse i \u00e5tanke.<\/p>\t\t\t\t\t\t\t\t<\/div>\n\t\t\t\t<\/div>\n\t\t\t\t\t<\/div>\n\t\t<\/div>\n\t\t\t\t\t<\/div>\n\t\t<\/section>\n\t\t\t\t<\/div>\n\t\t","protected":false},"excerpt":{"rendered":"<p>Om f\u00f6retaget Disponentbyr\u00e5n KIHA-Team erbjuder fastighetsf\u00f6rvaltningstj\u00e4nster \u00e5t s\u00e5v\u00e4l stora som sm\u00e5 fastighets- och bostadsbolag. Bolaget \u00e4r nygrundat, men dess verksamhet grundar sig p\u00e5 m\u00e5ng\u00e5rig erfarenhet fr\u00e5n fastighetsbranschen. F\u00f6retagets hemort \u00e4r Vasa\/Korsholm, men vi erbjuder v\u00e5ra tj\u00e4nster i hela landet! Med hj\u00e4lp av elektroniska system och ett brett kunnande \u00e4r vi en disponentbyr\u00e5 med helt\u00e4ckande service [&hellip;]<\/p>\n","protected":false},"author":1,"featured_media":0,"parent":0,"menu_order":0,"comment_status":"closed","ping_status":"closed","template":"elementor_header_footer","meta":{"_themeisle_gutenberg_block_has_review":false,"footnotes":""},"class_list":["post-1244","page","type-page","status-publish","hentry"],"_links":{"self":[{"href":"https:\/\/www.kihateam.fi\/sv\/wp-json\/wp\/v2\/pages\/1244","targetHints":{"allow":["GET"]}}],"collection":[{"href":"https:\/\/www.kihateam.fi\/sv\/wp-json\/wp\/v2\/pages"}],"about":[{"href":"https:\/\/www.kihateam.fi\/sv\/wp-json\/wp\/v2\/types\/page"}],"author":[{"embeddable":true,"href":"https:\/\/www.kihateam.fi\/sv\/wp-json\/wp\/v2\/users\/1"}],"replies":[{"embeddable":true,"href":"https:\/\/www.kihateam.fi\/sv\/wp-json\/wp\/v2\/comments?post=1244"}],"version-history":[{"count":31,"href":"https:\/\/www.kihateam.fi\/sv\/wp-json\/wp\/v2\/pages\/1244\/revisions"}],"predecessor-version":[{"id":4212,"href":"https:\/\/www.kihateam.fi\/sv\/wp-json\/wp\/v2\/pages\/1244\/revisions\/4212"}],"wp:attachment":[{"href":"https:\/\/www.kihateam.fi\/sv\/wp-json\/wp\/v2\/media?parent=1244"}],"curies":[{"name":"wp","href":"https:\/\/api.w.org\/{rel}","templated":true}]}}