{"id":1184,"date":"2022-10-11T23:31:13","date_gmt":"2022-10-11T21:31:13","guid":{"rendered":"https:\/\/www.kihateam.fi\/anmalan-om-storande\/"},"modified":"2024-08-12T19:15:13","modified_gmt":"2024-08-12T17:15:13","slug":"anmalan-om-storande","status":"publish","type":"page","link":"https:\/\/www.kihateam.fi\/sv\/anmalan-om-storande\/","title":{"rendered":"Anm\u00e4lan om st\u00f6rande"},"content":{"rendered":"\t\t<div data-elementor-type=\"wp-page\" data-elementor-id=\"1184\" class=\"elementor elementor-1184 elementor-304\">\n\t\t\t\t\t\t<section class=\"elementor-section elementor-top-section elementor-element elementor-element-ef4354c elementor-section-boxed elementor-section-height-default elementor-section-height-default\" data-id=\"ef4354c\" data-element_type=\"section\" data-e-type=\"section\">\n\t\t\t\t\t\t<div class=\"elementor-container elementor-column-gap-default\">\n\t\t\t\t\t<div class=\"elementor-column elementor-col-100 elementor-top-column elementor-element elementor-element-b6d4a7c\" data-id=\"b6d4a7c\" data-element_type=\"column\" data-e-type=\"column\">\n\t\t\t<div class=\"elementor-widget-wrap elementor-element-populated\">\n\t\t\t\t\t\t<div class=\"elementor-element elementor-element-1aa51ad elementor-widget elementor-widget-heading\" data-id=\"1aa51ad\" data-element_type=\"widget\" data-e-type=\"widget\" data-widget_type=\"heading.default\">\n\t\t\t\t<div class=\"elementor-widget-container\">\n\t\t\t\t\t<h2 class=\"elementor-heading-title elementor-size-default\"><br>Blankett f\u00f6r anm\u00e4lan om st\u00f6rande<br><\/h2>\t\t\t\t<\/div>\n\t\t\t\t<\/div>\n\t\t\t\t\t<\/div>\n\t\t<\/div>\n\t\t\t\t\t<\/div>\n\t\t<\/section>\n\t\t\t\t<section class=\"elementor-section elementor-top-section elementor-element elementor-element-764a8b3 elementor-section-boxed elementor-section-height-default elementor-section-height-default\" data-id=\"764a8b3\" data-element_type=\"section\" data-e-type=\"section\" data-settings=\"{&quot;background_background&quot;:&quot;classic&quot;}\">\n\t\t\t\t\t\t\t<div class=\"elementor-background-overlay\"><\/div>\n\t\t\t\t\t\t\t<div class=\"elementor-container elementor-column-gap-default\">\n\t\t\t\t\t<div class=\"elementor-column elementor-col-100 elementor-top-column elementor-element elementor-element-df65a6c\" data-id=\"df65a6c\" data-element_type=\"column\" data-e-type=\"column\" data-settings=\"{&quot;background_background&quot;:&quot;classic&quot;}\">\n\t\t\t<div class=\"elementor-widget-wrap elementor-element-populated\">\n\t\t\t\t\t\t<div class=\"elementor-element elementor-element-dcf6185 elementor-widget elementor-widget-htmega-contactform-addons\" data-id=\"dcf6185\" data-element_type=\"widget\" data-e-type=\"widget\" data-widget_type=\"htmega-contactform-addons.default\">\n\t\t\t\t<div class=\"elementor-widget-container\">\n\t\t\t\t\t            <div class=\"htmega-form-wrapper siddcf6185 htmega-form-style-4\" >\n                \n<div class=\"wpcf7 no-js\" id=\"wpcf7-f1253-o1\" lang=\"sv-SE\" dir=\"ltr\" data-wpcf7-id=\"1253\">\n<div class=\"screen-reader-response\"><p role=\"status\" aria-live=\"polite\" aria-atomic=\"true\"><\/p> <ul><\/ul><\/div>\n<form action=\"\/sv\/wp-json\/wp\/v2\/pages\/1184#wpcf7-f1253-o1\" method=\"post\" class=\"wpcf7-form init\" aria-label=\"Kontaktformul\u00e4r\" novalidate=\"novalidate\" data-status=\"init\">\n<fieldset class=\"hidden-fields-container\"><input type=\"hidden\" name=\"_wpcf7\" value=\"1253\" \/><input type=\"hidden\" name=\"_wpcf7_version\" value=\"6.1.5\" \/><input type=\"hidden\" name=\"_wpcf7_locale\" value=\"sv_SE\" \/><input type=\"hidden\" name=\"_wpcf7_unit_tag\" value=\"wpcf7-f1253-o1\" \/><input type=\"hidden\" name=\"_wpcf7_container_post\" value=\"0\" \/><input type=\"hidden\" name=\"_wpcf7_posted_data_hash\" value=\"\" \/>\n<\/fieldset>\n<p><label> Med hj\u00e4lp av st\u00f6randeanm\u00e4lan kan du meddela om att du anser att det f\u00f6rekommer st\u00f6rande beteende bland de boende i huset eller andra st\u00f6rande moment!<\/label>\n<\/p>\n<p><span class=\"wpcf7-form-control-wrap\" data-name=\"name1\"><input size=\"40\" maxlength=\"400\" class=\"wpcf7-form-control wpcf7-text wpcf7-validates-as-required\" aria-required=\"true\" aria-invalid=\"false\" placeholder=\"Anm\u00e4larens namn\" value=\"\" type=\"text\" name=\"name1\" \/><\/span><br \/>\n<span class=\"wpcf7-form-control-wrap\" data-name=\"phone\"><input size=\"40\" maxlength=\"400\" class=\"wpcf7-form-control wpcf7-text wpcf7-validates-as-required\" aria-required=\"true\" aria-invalid=\"false\" placeholder=\"Anm\u00e4larens telefonnumer\" value=\"\" type=\"text\" name=\"phone\" \/><\/span><br \/>\n<span class=\"wpcf7-form-control-wrap\" data-name=\"email\"><input size=\"40\" maxlength=\"400\" class=\"wpcf7-form-control wpcf7-text wpcf7-validates-as-required\" aria-required=\"true\" aria-invalid=\"false\" placeholder=\"Anm\u00e4larens epost\" value=\"\" type=\"text\" name=\"email\" \/><\/span><br \/>\n<span class=\"wpcf7-form-control-wrap\" data-name=\"house\"><input size=\"40\" maxlength=\"400\" class=\"wpcf7-form-control wpcf7-text wpcf7-validates-as-required\" aria-required=\"true\" aria-invalid=\"false\" placeholder=\"Husbolagets namn\" value=\"\" type=\"text\" name=\"house\" \/><\/span><br \/>\n<span class=\"wpcf7-form-control-wrap\" data-name=\"residental\"><input size=\"40\" maxlength=\"400\" class=\"wpcf7-form-control wpcf7-text wpcf7-validates-as-required\" aria-required=\"true\" aria-invalid=\"false\" placeholder=\"St\u00f6randets tidpunkt(er): datum och klockslag\" value=\"\" type=\"text\" name=\"residental\" \/><\/span><br \/>\n<span class=\"wpcf7-form-control-wrap\" data-name=\"code\"><textarea cols=\"40\" rows=\"10\" maxlength=\"2000\" class=\"wpcf7-form-control wpcf7-textarea wpcf7-validates-as-required\" aria-required=\"true\" aria-invalid=\"false\" placeholder=\"Beskrivning av det st\u00f6rande beteendet\/skadeg\u00f6relsen\" name=\"code\"><\/textarea><\/span><br \/>\n<span class=\"wpcf7-form-control-wrap\" data-name=\"name2\"><input size=\"40\" maxlength=\"400\" class=\"wpcf7-form-control wpcf7-text wpcf7-validates-as-required\" aria-required=\"true\" aria-invalid=\"false\" placeholder=\"Namn p\u00e5 den som betett sig st\u00f6rande (om k\u00e4nt)\" value=\"\" type=\"text\" name=\"name2\" \/><\/span><br \/>\n<span class=\"wpcf7-form-control-wrap\" data-name=\"house2\"><input size=\"40\" maxlength=\"400\" class=\"wpcf7-form-control wpcf7-text wpcf7-validates-as-required\" aria-required=\"true\" aria-invalid=\"false\" placeholder=\"Den st\u00f6randes l\u00e4genhetsnummer (om k\u00e4nt)\" value=\"\" type=\"text\" name=\"house2\" \/><\/span><br \/>\n<span class=\"wpcf7-form-control-wrap\" data-name=\"markers\"><textarea cols=\"40\" rows=\"10\" maxlength=\"2000\" class=\"wpcf7-form-control wpcf7-textarea wpcf7-validates-as-required\" aria-required=\"true\" aria-invalid=\"false\" placeholder=\"K\u00e4nneteckan p\u00e5 den st\u00f6rande \/ Till\u00e4ggsuppgifter\" name=\"markers\"><\/textarea><\/span>\n<\/p>\n<p><input class=\"wpcf7-form-control wpcf7-submit has-spinner\" type=\"submit\" value=\"Skicka\" \/>\n<\/p><div class=\"wpcf7-response-output\" aria-hidden=\"true\"><\/div>\n<\/form>\n<\/div>\n            <\/div>\n\n\n        \t\t\t\t<\/div>\n\t\t\t\t<\/div>\n\t\t\t\t\t<\/div>\n\t\t<\/div>\n\t\t\t\t\t<\/div>\n\t\t<\/section>\n\t\t\t\t<\/div>\n\t\t","protected":false},"excerpt":{"rendered":"<p>Blankett f\u00f6r anm\u00e4lan om st\u00f6rande H\u00e4iri\u00f6ilmoituksella voit ilmoittaa mik\u00e4li koet ett\u00e4 yhti\u00f6ss\u00e4 on h\u00e4iritsevi\u00e4 asukkaita tai muita h\u00e4iri\u00f6tekij\u00f6it\u00e4<\/p>\n","protected":false},"author":1,"featured_media":0,"parent":0,"menu_order":0,"comment_status":"closed","ping_status":"closed","template":"elementor_header_footer","meta":{"_themeisle_gutenberg_block_has_review":false,"footnotes":""},"class_list":["post-1184","page","type-page","status-publish","hentry"],"_links":{"self":[{"href":"https:\/\/www.kihateam.fi\/sv\/wp-json\/wp\/v2\/pages\/1184","targetHints":{"allow":["GET"]}}],"collection":[{"href":"https:\/\/www.kihateam.fi\/sv\/wp-json\/wp\/v2\/pages"}],"about":[{"href":"https:\/\/www.kihateam.fi\/sv\/wp-json\/wp\/v2\/types\/page"}],"author":[{"embeddable":true,"href":"https:\/\/www.kihateam.fi\/sv\/wp-json\/wp\/v2\/users\/1"}],"replies":[{"embeddable":true,"href":"https:\/\/www.kihateam.fi\/sv\/wp-json\/wp\/v2\/comments?post=1184"}],"version-history":[{"count":11,"href":"https:\/\/www.kihateam.fi\/sv\/wp-json\/wp\/v2\/pages\/1184\/revisions"}],"predecessor-version":[{"id":2806,"href":"https:\/\/www.kihateam.fi\/sv\/wp-json\/wp\/v2\/pages\/1184\/revisions\/2806"}],"wp:attachment":[{"href":"https:\/\/www.kihateam.fi\/sv\/wp-json\/wp\/v2\/media?parent=1184"}],"curies":[{"name":"wp","href":"https:\/\/api.w.org\/{rel}","templated":true}]}}